
{"id":52591,"date":"2024-01-30T15:57:28","date_gmt":"2024-01-30T13:57:28","guid":{"rendered":"https:\/\/gs1.se\/standarder-och-tjanster\/retouching\/"},"modified":"2024-08-15T12:07:46","modified_gmt":"2024-08-15T10:07:46","slug":"retouching","status":"publish","type":"product","link":"https:\/\/gs1.se\/en\/standards-and-services\/retouching\/","title":{"rendered":"Retouching"},"content":{"rendered":"\n<div style=\"height:10px\" aria-hidden=\"true\" class=\"wp-block-spacer\"><\/div>\n\n\n\n<h2 class=\"wp-block-heading\" id=\"h-retouching-for-your-product-images\">Retouching for your product images <\/h2>\n\n\n\n<p>We offer retouching for packaging image updates, dust retouching, and background replacement or removal. If you are looking for bigger changes, we also offer more advanced retouching, such as montage.<\/p>\n\n\n\n<p>The retouching can vary in scope and include different adjustments depending on your needs and wishes. <\/p>\n\n\n<section class=\"section-benefits-list-group test-0-  pb-6  layer-0 position-relative gs1-background-color-\">\n    <div class=\"container\">\n    <div class=\"row\">\n      <div class=\"col-12\">\n                      <\/div>\n      <div class=\"col-12\">\n        <ul class=\"columns-lg-2 m-0 mt-4 p-0\">\n                      <li class=\"list-group-item border-0 p-0 bg-transparent\">\n              <div class=\"clearfix\">\n              <div class=\"float-left pt-1 gs1-color-grass\"><svg xmlns=\"http:\/\/www.w3.org\/2000\/svg\" width=\"16\" height=\"16\" fill=\"currentColor\" class=\"bi bi-check-circle-fill d-block\" viewBox=\"0 0 16 16\">\n  <path d=\"M16 8A8 8 0 1 1 0 8a8 8 0 0 1 16 0zm-3.97-3.03a.75.75 0 0 0-1.08.022L7.477 9.417 5.384 7.323a.75.75 0 0 0-1.06 1.06L6.97 11.03a.75.75 0 0 0 1.079-.02l3.992-4.99a.75.75 0 0 0-.01-1.05z\"\/>\n<\/svg><\/div><div class=\"ml-4\"><p><strong>Colour correction:<\/strong> Adjustment of hue, saturation and brightness to achieve accurate and consistent colour reproduction.<\/p>\n<\/div>\n              <\/div>\n            <\/li>\n                      <li class=\"list-group-item border-0 p-0 bg-transparent\">\n              <div class=\"clearfix\">\n              <div class=\"float-left pt-1 gs1-color-grass\"><svg xmlns=\"http:\/\/www.w3.org\/2000\/svg\" width=\"16\" height=\"16\" fill=\"currentColor\" class=\"bi bi-check-circle-fill d-block\" viewBox=\"0 0 16 16\">\n  <path d=\"M16 8A8 8 0 1 1 0 8a8 8 0 0 1 16 0zm-3.97-3.03a.75.75 0 0 0-1.08.022L7.477 9.417 5.384 7.323a.75.75 0 0 0-1.06 1.06L6.97 11.03a.75.75 0 0 0 1.079-.02l3.992-4.99a.75.75 0 0 0-.01-1.05z\"\/>\n<\/svg><\/div><div class=\"ml-4\"><p><strong>Defect removal:<\/strong> Retouching defects such as stains, scratches or other unwanted elements to create cleaner and more professional images.<\/p>\n<\/div>\n              <\/div>\n            <\/li>\n                      <li class=\"list-group-item border-0 p-0 bg-transparent\">\n              <div class=\"clearfix\">\n              <div class=\"float-left pt-1 gs1-color-grass\"><svg xmlns=\"http:\/\/www.w3.org\/2000\/svg\" width=\"16\" height=\"16\" fill=\"currentColor\" class=\"bi bi-check-circle-fill d-block\" viewBox=\"0 0 16 16\">\n  <path d=\"M16 8A8 8 0 1 1 0 8a8 8 0 0 1 16 0zm-3.97-3.03a.75.75 0 0 0-1.08.022L7.477 9.417 5.384 7.323a.75.75 0 0 0-1.06 1.06L6.97 11.03a.75.75 0 0 0 1.079-.02l3.992-4.99a.75.75 0 0 0-.01-1.05z\"\/>\n<\/svg><\/div><div class=\"ml-4\"><p><strong>Product customisation:<\/strong> Adaptation of product details and features to improve or correct aspects such as shape, texture, and surface.<\/p>\n<\/div>\n              <\/div>\n            <\/li>\n                      <li class=\"list-group-item border-0 p-0 bg-transparent\">\n              <div class=\"clearfix\">\n              <div class=\"float-left pt-1 gs1-color-grass\"><svg xmlns=\"http:\/\/www.w3.org\/2000\/svg\" width=\"16\" height=\"16\" fill=\"currentColor\" class=\"bi bi-check-circle-fill d-block\" viewBox=\"0 0 16 16\">\n  <path d=\"M16 8A8 8 0 1 1 0 8a8 8 0 0 1 16 0zm-3.97-3.03a.75.75 0 0 0-1.08.022L7.477 9.417 5.384 7.323a.75.75 0 0 0-1.06 1.06L6.97 11.03a.75.75 0 0 0 1.079-.02l3.992-4.99a.75.75 0 0 0-.01-1.05z\"\/>\n<\/svg><\/div><div class=\"ml-4\"><p><strong>Background removal:<\/strong> Removing or changing image backgrounds to create a uniform and professional image environment.<\/p>\n<\/div>\n              <\/div>\n            <\/li>\n                  <\/ul>\n      <\/div>\n    <\/div>\n  <\/div>\n\n<\/section>\n\n\n\n<div class=\"wp-block-buttons is-content-justification-center is-layout-flex wp-container-core-buttons-is-layout-16018d1d wp-block-buttons-is-layout-flex\">\n<div class=\"wp-block-button\"><a class=\"wp-block-button__link wp-element-button\" href=\"#request\">Send a request for retouching of product images<\/a><\/div>\n<\/div>\n\n\n\n<div style=\"height:45px\" aria-hidden=\"true\" class=\"wp-block-spacer\"><\/div>\n\n\n\n<div style=\"height:25px\" aria-hidden=\"true\" class=\"wp-block-spacer\"><\/div>\n\n\n<section class=\"block-cards block-cards-vertical full-width pt-6 pb-6 gs1-background-color-ui-1\">\n  <div class=\"container\">\n    <div class=\"row\">\n      <div class=\"col-12\">\n        <h2>Related services<\/h2>              <\/div>\n                        <div id=\"card-cgi-3d\" class=\"col-12 col-md-6 col-lg-4 mb-4 mt-4\">\n            <a href=\"https:\/\/gs1.se\/en\/standards-and-services\/cgi-computer-generated-images\/#offert \" class=\"card h-100 text-decoration-none border-0\" target=\"\">\n              <img loading=\"lazy\" decoding=\"async\" width=\"768\" height=\"531\" src=\"https:\/\/gs1.se\/wp-content\/uploads\/sites\/2\/2024\/01\/240111_cgiburk-2-768x531.jpg\" class=\"card-img-top ratio-20x11 object-fit-cover\" alt=\"Syltburk som g\u00e5r fr\u00e5n 3D-modell till f\u00e4rdig bild\" sizes=\"auto, (max-width: 767px) 510px, (max-width: 768px) 330px, (max-width: 992px) 290px, 350px\" srcset=\"https:\/\/gs1.se\/wp-content\/uploads\/sites\/2\/2024\/01\/240111_cgiburk-2-768x531.jpg 768w, https:\/\/gs1.se\/wp-content\/uploads\/sites\/2\/2024\/01\/240111_cgiburk-2-576x398.jpg 576w\" \/>              <div class=\"card-body\">\n                <h3 class=\"card-title text-secondary\">CGI\/3D<\/h3>                <p class=\"card-text text-left\">Digitally produced product images long before the product is available.<\/p>              <\/div>\n            <\/a>\n          <\/div>\n                                  <div id=\"card-mobile-ready-hero-images-mrhi\" class=\"col-12 col-md-6 col-lg-4 mb-4 mt-4\">\n            <a href=\"https:\/\/gs1.se\/en\/standards-and-services\/mobile-ready-hero-images\/\" class=\"card h-100 text-decoration-none border-0\" target=\"\">\n              <img loading=\"lazy\" decoding=\"async\" width=\"768\" height=\"531\" src=\"https:\/\/gs1.se\/wp-content\/uploads\/sites\/2\/2023\/05\/mrhi_ikonbild-768x531.png\" class=\"card-img-top ratio-20x11 object-fit-cover\" alt=\"MRHI\" sizes=\"auto, (max-width: 767px) 510px, (max-width: 768px) 330px, (max-width: 992px) 290px, 350px\" srcset=\"https:\/\/gs1.se\/wp-content\/uploads\/sites\/2\/2023\/05\/mrhi_ikonbild-768x531.png 768w, https:\/\/gs1.se\/wp-content\/uploads\/sites\/2\/2023\/05\/mrhi_ikonbild-576x398.png 576w\" \/>              <div class=\"card-body\">\n                <h3 class=\"card-title text-secondary\">Mobile Ready Hero Images (MRHI)<\/h3>                <p class=\"card-text text-left\">Product images adapted for smart phones and different screen sizes.<\/p>              <\/div>\n            <\/a>\n          <\/div>\n                                  <div id=\"card-product-photography\" class=\"col-12 col-md-6 col-lg-4 mb-4 mt-4\">\n            <a href=\"https:\/\/gs1.se\/en\/standards-and-services\/product-photography\/\" class=\"card h-100 text-decoration-none border-0\" target=\"\">\n              <img loading=\"lazy\" decoding=\"async\" width=\"768\" height=\"531\" src=\"https:\/\/gs1.se\/wp-content\/uploads\/sites\/2\/2023\/04\/1-produktfotografering-768x531.jpg\" class=\"card-img-top ratio-20x11 object-fit-cover\" alt=\"Produktfotografering i GS1 Studio\" sizes=\"auto, (max-width: 767px) 510px, (max-width: 768px) 330px, (max-width: 992px) 290px, 350px\" srcset=\"https:\/\/gs1.se\/wp-content\/uploads\/sites\/2\/2023\/04\/1-produktfotografering-768x531.jpg 768w, https:\/\/gs1.se\/wp-content\/uploads\/sites\/2\/2023\/04\/1-produktfotografering-576x398.jpg 576w\" \/>              <div class=\"card-body\">\n                <h3 class=\"card-title text-secondary\">Product photography<\/h3>                <p class=\"card-text text-left\">High quality images for all sales channels.<\/p>              <\/div>\n            <\/a>\n          <\/div>\n                          <\/div>\n  <\/div>\n<\/section>\n\n\n<div style=\"height:45px\" aria-hidden=\"true\" class=\"wp-block-spacer\"><\/div>\n\n\n\n<div class=\"wp-block-columns is-layout-flex wp-container-core-columns-is-layout-9d6595d7 wp-block-columns-is-layout-flex\" id=\"offertretusch\">\n<div class=\"wp-block-column is-layout-flow wp-block-column-is-layout-flow\" style=\"flex-basis:33.33%\">\n<h2 class=\"wp-block-heading\" id=\"request\">Send a quotation request<\/h2>\n\n\n\n<p>Fill in our form with a brief description of your needs. Select the service Other and we will get back to you with an offer. We can also help you specify the mission.<\/p>\n<\/div>\n\n\n\n<div class=\"wp-block-column is-layout-flow wp-block-column-is-layout-flow\" style=\"flex-basis:66.66%\"><p>[contact-form-7 id=&#8221;f04acbc&#8221; title=&#8221;Offert\/kontakt Studion ENG&#8221;]<\/p>\n<\/div>\n<\/div>\n","protected":false},"excerpt":{"rendered":"<p>For product images that need fine-tuning, we offer minor (e.g. background replacement) and major retouching (e.g. montage).<\/p>\n","protected":false},"featured_media":0,"parent":0,"template":"","meta":{"_acf_changed":false,"_relevanssi_hide_post":"","_relevanssi_hide_content":"","_relevanssi_pin_for_all":"","_relevanssi_pin_keywords":"","_relevanssi_unpin_keywords":"","_relevanssi_related_keywords":"","_relevanssi_related_include_ids":"","_relevanssi_related_exclude_ids":"","_relevanssi_related_no_append":"","_relevanssi_related_not_related":"","_relevanssi_related_posts":"18704,42447,41189,34422,33727,42836","_relevanssi_noindex_reason":"","footnotes":""},"product_categories":[100],"product_tags":[95],"class_list":["post-52591","product","type-product","status-publish","hentry","product_categories-service","product_tags-service-en"],"acf":[],"yoast_head":"<!-- This site is optimized with the Yoast SEO Premium plugin v27.2 (Yoast SEO v27.2) - https:\/\/yoast.com\/product\/yoast-seo-premium-wordpress\/ -->\n<title>Retouching &#187; GS1 Sweden<\/title>\n<meta name=\"description\" content=\"For product images that need fine-tuning, we offer minor (e.g. background replacement) and major retouching (e.g. montage).\" \/>\n<meta name=\"robots\" content=\"index, follow, max-snippet:-1, max-image-preview:large, max-video-preview:-1\" \/>\n<link rel=\"canonical\" href=\"https:\/\/gs1.se\/en\/standards-and-services\/retouching\/\" \/>\n<meta property=\"og:locale\" content=\"en_US\" \/>\n<meta property=\"og:type\" content=\"article\" \/>\n<meta property=\"og:title\" content=\"Retouching\" \/>\n<meta property=\"og:description\" content=\"For product images that need fine-tuning, we offer minor (e.g. background replacement) and major retouching (e.g. montage).\" \/>\n<meta property=\"og:url\" content=\"https:\/\/gs1.se\/en\/standards-and-services\/retouching\/\" \/>\n<meta property=\"og:site_name\" content=\"GS1 Sweden\" \/>\n<meta property=\"article:modified_time\" content=\"2024-08-15T10:07:46+00:00\" \/>\n<meta name=\"twitter:card\" content=\"summary_large_image\" \/>\n<meta name=\"twitter:label1\" content=\"Est. reading time\" \/>\n\t<meta name=\"twitter:data1\" content=\"2 minutes\" \/>\n<script type=\"application\/ld+json\" class=\"yoast-schema-graph\">{\"@context\":\"https:\/\/schema.org\",\"@graph\":[{\"@type\":\"WebPage\",\"@id\":\"https:\/\/gs1.se\/en\/standards-and-services\/retouching\/\",\"url\":\"https:\/\/gs1.se\/en\/standards-and-services\/retouching\/\",\"name\":\"Retouching &#187; GS1 Sweden\",\"isPartOf\":{\"@id\":\"https:\/\/gs1.se\/en\/#website\"},\"datePublished\":\"2024-01-30T13:57:28+00:00\",\"dateModified\":\"2024-08-15T10:07:46+00:00\",\"description\":\"For product images that need fine-tuning, we offer minor (e.g. background replacement) and major retouching (e.g. montage).\",\"breadcrumb\":{\"@id\":\"https:\/\/gs1.se\/en\/standards-and-services\/retouching\/#breadcrumb\"},\"inLanguage\":\"en-US\",\"potentialAction\":[{\"@type\":\"ReadAction\",\"target\":[\"https:\/\/gs1.se\/en\/standards-and-services\/retouching\/\"]}]},{\"@type\":\"BreadcrumbList\",\"@id\":\"https:\/\/gs1.se\/en\/standards-and-services\/retouching\/#breadcrumb\",\"itemListElement\":[{\"@type\":\"ListItem\",\"position\":1,\"name\":\"Start\",\"item\":\"https:\/\/gs1.se\/en\/\"},{\"@type\":\"ListItem\",\"position\":2,\"name\":\"Standards & services\",\"item\":\"https:\/\/gs1.se\/en\/standards-and-services\/\"},{\"@type\":\"ListItem\",\"position\":3,\"name\":\"Service\",\"item\":\"https:\/\/gs1.se\/en\/product_categories\/service\/\"},{\"@type\":\"ListItem\",\"position\":4,\"name\":\"Retouching\"}]},{\"@type\":\"WebSite\",\"@id\":\"https:\/\/gs1.se\/en\/#website\",\"url\":\"https:\/\/gs1.se\/en\/\",\"name\":\"GS1 Sweden\",\"description\":\"The Global Language of Business\",\"publisher\":{\"@id\":\"https:\/\/gs1.se\/en\/#organization\"},\"potentialAction\":[{\"@type\":\"SearchAction\",\"target\":{\"@type\":\"EntryPoint\",\"urlTemplate\":\"https:\/\/gs1.se\/en\/?s={search_term_string}\"},\"query-input\":{\"@type\":\"PropertyValueSpecification\",\"valueRequired\":true,\"valueName\":\"search_term_string\"}}],\"inLanguage\":\"en-US\"},{\"@type\":\"Organization\",\"@id\":\"https:\/\/gs1.se\/en\/#organization\",\"name\":\"GS1 Sweden\",\"url\":\"https:\/\/gs1.se\/en\/\",\"logo\":{\"@type\":\"ImageObject\",\"inLanguage\":\"en-US\",\"@id\":\"https:\/\/gs1.se\/en\/#\/schema\/logo\/image\/\",\"url\":\"https:\/\/gs1.se\/wp-content\/uploads\/sites\/2\/2020\/07\/gs1_sweden_61px_tall_rgb.png\",\"contentUrl\":\"https:\/\/gs1.se\/wp-content\/uploads\/sites\/2\/2020\/07\/gs1_sweden_61px_tall_rgb.png\",\"width\":109,\"height\":61,\"caption\":\"GS1 Sweden\"},\"image\":{\"@id\":\"https:\/\/gs1.se\/en\/#\/schema\/logo\/image\/\"},\"sameAs\":[\"https:\/\/www.linkedin.com\/company\/gs1-sweden\/\",\"https:\/\/www.youtube.com\/user\/SwedenGS1\"]}]}<\/script>\n<!-- \/ Yoast SEO Premium plugin. -->","yoast_head_json":{"title":"Retouching &#187; GS1 Sweden","description":"For product images that need fine-tuning, we offer minor (e.g. background replacement) and major retouching (e.g. montage).","robots":{"index":"index","follow":"follow","max-snippet":"max-snippet:-1","max-image-preview":"max-image-preview:large","max-video-preview":"max-video-preview:-1"},"canonical":"https:\/\/gs1.se\/en\/standards-and-services\/retouching\/","og_locale":"en_US","og_type":"article","og_title":"Retouching","og_description":"For product images that need fine-tuning, we offer minor (e.g. background replacement) and major retouching (e.g. montage).","og_url":"https:\/\/gs1.se\/en\/standards-and-services\/retouching\/","og_site_name":"GS1 Sweden","article_modified_time":"2024-08-15T10:07:46+00:00","twitter_card":"summary_large_image","twitter_misc":{"Est. reading time":"2 minutes"},"schema":{"@context":"https:\/\/schema.org","@graph":[{"@type":"WebPage","@id":"https:\/\/gs1.se\/en\/standards-and-services\/retouching\/","url":"https:\/\/gs1.se\/en\/standards-and-services\/retouching\/","name":"Retouching &#187; GS1 Sweden","isPartOf":{"@id":"https:\/\/gs1.se\/en\/#website"},"datePublished":"2024-01-30T13:57:28+00:00","dateModified":"2024-08-15T10:07:46+00:00","description":"For product images that need fine-tuning, we offer minor (e.g. background replacement) and major retouching (e.g. montage).","breadcrumb":{"@id":"https:\/\/gs1.se\/en\/standards-and-services\/retouching\/#breadcrumb"},"inLanguage":"en-US","potentialAction":[{"@type":"ReadAction","target":["https:\/\/gs1.se\/en\/standards-and-services\/retouching\/"]}]},{"@type":"BreadcrumbList","@id":"https:\/\/gs1.se\/en\/standards-and-services\/retouching\/#breadcrumb","itemListElement":[{"@type":"ListItem","position":1,"name":"Start","item":"https:\/\/gs1.se\/en\/"},{"@type":"ListItem","position":2,"name":"Standards & services","item":"https:\/\/gs1.se\/en\/standards-and-services\/"},{"@type":"ListItem","position":3,"name":"Service","item":"https:\/\/gs1.se\/en\/product_categories\/service\/"},{"@type":"ListItem","position":4,"name":"Retouching"}]},{"@type":"WebSite","@id":"https:\/\/gs1.se\/en\/#website","url":"https:\/\/gs1.se\/en\/","name":"GS1 Sweden","description":"The Global Language of Business","publisher":{"@id":"https:\/\/gs1.se\/en\/#organization"},"potentialAction":[{"@type":"SearchAction","target":{"@type":"EntryPoint","urlTemplate":"https:\/\/gs1.se\/en\/?s={search_term_string}"},"query-input":{"@type":"PropertyValueSpecification","valueRequired":true,"valueName":"search_term_string"}}],"inLanguage":"en-US"},{"@type":"Organization","@id":"https:\/\/gs1.se\/en\/#organization","name":"GS1 Sweden","url":"https:\/\/gs1.se\/en\/","logo":{"@type":"ImageObject","inLanguage":"en-US","@id":"https:\/\/gs1.se\/en\/#\/schema\/logo\/image\/","url":"https:\/\/gs1.se\/wp-content\/uploads\/sites\/2\/2020\/07\/gs1_sweden_61px_tall_rgb.png","contentUrl":"https:\/\/gs1.se\/wp-content\/uploads\/sites\/2\/2020\/07\/gs1_sweden_61px_tall_rgb.png","width":109,"height":61,"caption":"GS1 Sweden"},"image":{"@id":"https:\/\/gs1.se\/en\/#\/schema\/logo\/image\/"},"sameAs":["https:\/\/www.linkedin.com\/company\/gs1-sweden\/","https:\/\/www.youtube.com\/user\/SwedenGS1"]}]}},"_links":{"self":[{"href":"https:\/\/gs1.se\/en\/wp-json\/wp\/v2\/product\/52591","targetHints":{"allow":["GET"]}}],"collection":[{"href":"https:\/\/gs1.se\/en\/wp-json\/wp\/v2\/product"}],"about":[{"href":"https:\/\/gs1.se\/en\/wp-json\/wp\/v2\/types\/product"}],"version-history":[{"count":3,"href":"https:\/\/gs1.se\/en\/wp-json\/wp\/v2\/product\/52591\/revisions"}],"predecessor-version":[{"id":61088,"href":"https:\/\/gs1.se\/en\/wp-json\/wp\/v2\/product\/52591\/revisions\/61088"}],"wp:attachment":[{"href":"https:\/\/gs1.se\/en\/wp-json\/wp\/v2\/media?parent=52591"}],"wp:term":[{"taxonomy":"product_categories","embeddable":true,"href":"https:\/\/gs1.se\/en\/wp-json\/wp\/v2\/product_categories?post=52591"},{"taxonomy":"product_tags","embeddable":true,"href":"https:\/\/gs1.se\/en\/wp-json\/wp\/v2\/product_tags?post=52591"}],"curies":[{"name":"wp","href":"https:\/\/api.w.org\/{rel}","templated":true}]}}