
{"id":72071,"date":"2026-02-10T10:39:51","date_gmt":"2026-02-10T08:39:51","guid":{"rendered":"https:\/\/gs1.se\/insights\/"},"modified":"2026-02-10T10:48:36","modified_gmt":"2026-02-10T08:48:36","slug":"insights","status":"publish","type":"page","link":"https:\/\/gs1.se\/en\/insights\/","title":{"rendered":"Insights"},"content":{"rendered":"<section class=\"block-cards block-cards-vertical full-width pt-6 pb-6 gs1-background-color-white\">\n  <div class=\"container\">\n    <div class=\"row\">\n      <div class=\"col-12\">\n        <h2>News from GS1<\/h2>              <\/div>\n                        <div id=\"card-news-and-articles\" class=\"col-12 col-md-6 col-lg-4 mb-4 mt-4\">\n            <a href=\"https:\/\/gs1.se\/en\/tag\/news\/\" class=\"card h-100 text-decoration-none border-0\" target=\"\">\n              <img loading=\"lazy\" decoding=\"async\" width=\"768\" height=\"531\" src=\"https:\/\/gs1.se\/wp-content\/uploads\/sites\/2\/2026\/02\/nyheter-768x531.jpg\" class=\"card-img-top ratio-20x11 object-fit-cover\" alt=\"Man p\u00e5 tunnelbana l\u00e4ser nyheter p\u00e5 mobilen\" sizes=\"auto, (max-width: 767px) 510px, (max-width: 768px) 330px, (max-width: 992px) 290px, 350px\" srcset=\"https:\/\/gs1.se\/wp-content\/uploads\/sites\/2\/2026\/02\/nyheter-768x531.jpg 768w, https:\/\/gs1.se\/wp-content\/uploads\/sites\/2\/2026\/02\/nyheter-350x242.jpg 350w, https:\/\/gs1.se\/wp-content\/uploads\/sites\/2\/2026\/02\/nyheter-576x398.jpg 576w\" \/>              <div class=\"card-body\">\n                <h3 class=\"card-title text-secondary\">News and articles<\/h3>                              <\/div>\n            <\/a>\n          <\/div>\n                                  <div id=\"card-press-releases\" class=\"col-12 col-md-6 col-lg-4 mb-4 mt-4\">\n            <a href=\"https:\/\/gs1.se\/en\/tag\/pressreleases-en\/\" class=\"card h-100 text-decoration-none border-0\" target=\"\">\n              <img loading=\"lazy\" decoding=\"async\" width=\"768\" height=\"531\" src=\"https:\/\/gs1.se\/wp-content\/uploads\/sites\/2\/2026\/02\/artiklar-tidningsblad-768x531.jpg\" class=\"card-img-top ratio-20x11 object-fit-cover\" alt=\"Tidningsblad\" sizes=\"auto, (max-width: 767px) 510px, (max-width: 768px) 330px, (max-width: 992px) 290px, 350px\" srcset=\"https:\/\/gs1.se\/wp-content\/uploads\/sites\/2\/2026\/02\/artiklar-tidningsblad-768x531.jpg 768w, https:\/\/gs1.se\/wp-content\/uploads\/sites\/2\/2026\/02\/artiklar-tidningsblad-350x242.jpg 350w, https:\/\/gs1.se\/wp-content\/uploads\/sites\/2\/2026\/02\/artiklar-tidningsblad-576x398.jpg 576w\" \/>              <div class=\"card-body\">\n                <h3 class=\"card-title text-secondary\">Press releases<\/h3>                              <\/div>\n            <\/a>\n          <\/div>\n                                  <div id=\"card-case-study\" class=\"col-12 col-md-6 col-lg-4 mb-4 mt-4\">\n            <a href=\"https:\/\/gs1.se\/en\/tag\/case\/\" class=\"card h-100 text-decoration-none border-0\" target=\"\">\n              <img loading=\"lazy\" decoding=\"async\" width=\"768\" height=\"531\" src=\"https:\/\/gs1.se\/wp-content\/uploads\/sites\/2\/2026\/02\/kundcase-768x531.jpg\" class=\"card-img-top ratio-20x11 object-fit-cover\" alt=\"Fyra personer samtalar vid ett bord\" sizes=\"auto, (max-width: 767px) 510px, (max-width: 768px) 330px, (max-width: 992px) 290px, 350px\" srcset=\"https:\/\/gs1.se\/wp-content\/uploads\/sites\/2\/2026\/02\/kundcase-768x531.jpg 768w, https:\/\/gs1.se\/wp-content\/uploads\/sites\/2\/2026\/02\/kundcase-350x242.jpg 350w, https:\/\/gs1.se\/wp-content\/uploads\/sites\/2\/2026\/02\/kundcase-576x398.jpg 576w\" \/>              <div class=\"card-body\">\n                <h3 class=\"card-title text-secondary\">Case study<\/h3>                              <\/div>\n            <\/a>\n          <\/div>\n                      <div class=\"col-12\"><a class=\"\" href=\"https:\/\/gs1.se\/om-oss\/aktuellt\/\" target=\"\">Se alla artiklar <svg xmlns=\"http:\/\/www.w3.org\/2000\/svg\" width=\"16\" height=\"16\" fill=\"currentColor\" class=\"bi bi-arrow-right\" viewBox=\"0 0 16 16\">\n  <path fill-rule=\"evenodd\" d=\"M1 8a.5.5 0 0 1 .5-.5h11.793l-3.147-3.146a.5.5 0 0 1 .708-.708l4 4a.5.5 0 0 1 0 .708l-4 4a.5.5 0 0 1-.708-.708L13.293 8.5H1.5A.5.5 0 0 1 1 8z\"\/>\n<\/svg>\n<\/a><\/div>    <\/div>\n  <\/div>\n<\/section>\n\n<section class=\"block-cards block-cards-vertical full-width pt-6 pb-6 gs1-background-color-ui-2\">\n  <div class=\"container\">\n    <div class=\"row\">\n      <div class=\"col-12\">\n        <h2>Courses and webinars<\/h2>              <\/div>\n                        <div id=\"card-courses\" class=\"col-12 col-md-6 col-lg-6 mb-4 mt-4\">\n            <a href=\"https:\/\/gs1.se\/en\/faq\/courses\/\" class=\"card h-100 text-decoration-none border-0\" target=\"\">\n              <img loading=\"lazy\" decoding=\"async\" width=\"768\" height=\"531\" src=\"https:\/\/gs1.se\/wp-content\/uploads\/sites\/2\/2026\/02\/gs1-sweden-kurs-768x531.jpg\" class=\"card-img-top ratio-20x11 object-fit-cover\" alt=\"Tv\u00e5 personer p\u00e5 en kurs\" sizes=\"auto, (max-width: 767px) 510px, (max-width: 768px) 330px, (max-width: 992px) 290px, 350px\" srcset=\"https:\/\/gs1.se\/wp-content\/uploads\/sites\/2\/2026\/02\/gs1-sweden-kurs-768x531.jpg 768w, https:\/\/gs1.se\/wp-content\/uploads\/sites\/2\/2026\/02\/gs1-sweden-kurs-350x242.jpg 350w, https:\/\/gs1.se\/wp-content\/uploads\/sites\/2\/2026\/02\/gs1-sweden-kurs-576x398.jpg 576w\" \/>              <div class=\"card-body\">\n                <h3 class=\"card-title text-secondary\">Courses<\/h3>                <p class=\"card-text text-left\">Deepen your knowledge with one of our courses and learn more about GS1 standards, UDI, Validoo and quality assurance. The courses are held in Swedish. <\/p>              <\/div>\n            <\/a>\n          <\/div>\n                                  <div id=\"card-webinars\" class=\"col-12 col-md-6 col-lg-6 mb-4 mt-4\">\n            <a href=\"https:\/\/live.gs1.se\/webinars\" class=\"card h-100 text-decoration-none border-0\" target=\"\">\n              <img loading=\"lazy\" decoding=\"async\" width=\"768\" height=\"531\" src=\"https:\/\/gs1.se\/wp-content\/uploads\/sites\/2\/2026\/02\/gs1-sweden-webinar-768x531.jpg\" class=\"card-img-top ratio-20x11 object-fit-cover\" alt=\"Datorsk\u00e4rm som visar en lives\u00e4ndning av ett webinar\" sizes=\"auto, (max-width: 767px) 510px, (max-width: 768px) 330px, (max-width: 992px) 290px, 350px\" srcset=\"https:\/\/gs1.se\/wp-content\/uploads\/sites\/2\/2026\/02\/gs1-sweden-webinar-768x531.jpg 768w, https:\/\/gs1.se\/wp-content\/uploads\/sites\/2\/2026\/02\/gs1-sweden-webinar-350x242.jpg 350w, https:\/\/gs1.se\/wp-content\/uploads\/sites\/2\/2026\/02\/gs1-sweden-webinar-576x398.jpg 576w\" \/>              <div class=\"card-body\">\n                <h3 class=\"card-title text-secondary\">Webinars<\/h3>                <p class=\"card-text text-left\">Our webinars give you the opportunity to learn about current topics in different industries, gain practical insights and be inspired by experts.<\/p>              <\/div>\n            <\/a>\n          <\/div>\n                          <\/div>\n  <\/div>\n<\/section>\n\n<section class=\"block-cards block-cards-vertical full-width pt-6 pb-6 gs1-background-color-white\">\n  <div class=\"container\">\n    <div class=\"row\">\n      <div class=\"col-12\">\n        <h2>Projects and initiatives<\/h2>        <p>GS1 Sweden is involved in several initiatives and projects aimed at improving sustainability, traceability and efficiency in various industries.<\/p>      <\/div>\n                        <div id=\"card-digital-product-passports\" class=\"col-12 col-md-6 col-lg-4 mb-4 mt-4\">\n            <a href=\"https:\/\/gs1.se\/en\/digital-product-passports\/\" class=\"card h-100 text-decoration-none border-0\" target=\"\">\n                            <div class=\"card-body\">\n                <h3 class=\"card-title text-secondary\">Digital Product Passports<\/h3>                              <\/div>\n            <\/a>\n          <\/div>\n                                  <div id=\"card-2d-in-retail\" class=\"col-12 col-md-6 col-lg-4 mb-4 mt-4\">\n            <a href=\"https:\/\/gs1.se\/en\/2d-in-retail\/\" class=\"card h-100 text-decoration-none border-0\" target=\"\">\n                            <div class=\"card-body\">\n                <h3 class=\"card-title text-secondary\">2D in retail<\/h3>                              <\/div>\n            <\/a>\n          <\/div>\n                                  <div id=\"card-esg\" class=\"col-12 col-md-6 col-lg-4 mb-4 mt-4\">\n            <a href=\"https:\/\/gs1.se\/en\/esg\/\" class=\"card h-100 text-decoration-none border-0\" target=\"\">\n                            <div class=\"card-body\">\n                <h3 class=\"card-title text-secondary\">ESG<\/h3>                              <\/div>\n            <\/a>\n          <\/div>\n                                  <div id=\"card-packaging\" class=\"col-12 col-md-6 col-lg-4 mb-4 mt-4\">\n            <a href=\"https:\/\/gs1.se\/en\/packaging\/\" class=\"card h-100 text-decoration-none border-0\" target=\"\">\n                            <div class=\"card-body\">\n                <h3 class=\"card-title text-secondary\">Packaging<\/h3>                              <\/div>\n            <\/a>\n          <\/div>\n                          <\/div>\n  <\/div>\n<\/section>","protected":false},"excerpt":{"rendered":"","protected":false},"author":81,"featured_media":0,"parent":0,"menu_order":0,"comment_status":"closed","ping_status":"closed","template":"","meta":{"_acf_changed":false,"_relevanssi_hide_post":"","_relevanssi_hide_content":"","_relevanssi_pin_for_all":"","_relevanssi_pin_keywords":"","_relevanssi_unpin_keywords":"","_relevanssi_related_keywords":"","_relevanssi_related_include_ids":"","_relevanssi_related_exclude_ids":"","_relevanssi_related_no_append":"","_relevanssi_related_not_related":"","_relevanssi_related_posts":"","_relevanssi_noindex_reason":"","footnotes":""},"tags":[],"class_list":["post-72071","page","type-page","status-publish","hentry"],"acf":[],"yoast_head":"<!-- This site is optimized with the Yoast SEO Premium plugin v27.2 (Yoast SEO v27.2) - https:\/\/yoast.com\/product\/yoast-seo-premium-wordpress\/ -->\n<title>Insights &#187; GS1 Sweden<\/title>\n<meta name=\"description\" content=\"Discover GS1 Sweden&#039;s latest insights, news and resources - from webinars and courses to inspiring initiatives, projects and articles.\" \/>\n<meta name=\"robots\" content=\"index, follow, max-snippet:-1, max-image-preview:large, max-video-preview:-1\" \/>\n<link rel=\"canonical\" href=\"https:\/\/gs1.se\/en\/insights\/\" \/>\n<meta property=\"og:locale\" content=\"en_US\" \/>\n<meta property=\"og:type\" content=\"article\" \/>\n<meta property=\"og:title\" content=\"Insights\" \/>\n<meta property=\"og:url\" content=\"https:\/\/gs1.se\/en\/insights\/\" \/>\n<meta property=\"og:site_name\" content=\"GS1 Sweden\" \/>\n<meta property=\"article:modified_time\" content=\"2026-02-10T08:48:36+00:00\" \/>\n<meta name=\"twitter:card\" content=\"summary_large_image\" \/>\n<meta name=\"twitter:label1\" content=\"Est. reading time\" \/>\n\t<meta name=\"twitter:data1\" content=\"2 minutes\" \/>\n<script type=\"application\/ld+json\" class=\"yoast-schema-graph\">{\"@context\":\"https:\/\/schema.org\",\"@graph\":[{\"@type\":\"WebPage\",\"@id\":\"https:\/\/gs1.se\/en\/insights\/\",\"url\":\"https:\/\/gs1.se\/en\/insights\/\",\"name\":\"Insights &#187; GS1 Sweden\",\"isPartOf\":{\"@id\":\"https:\/\/gs1.se\/en\/#website\"},\"datePublished\":\"2026-02-10T08:39:51+00:00\",\"dateModified\":\"2026-02-10T08:48:36+00:00\",\"description\":\"Discover GS1 Sweden's latest insights, news and resources - from webinars and courses to inspiring initiatives, projects and articles.\",\"breadcrumb\":{\"@id\":\"https:\/\/gs1.se\/en\/insights\/#breadcrumb\"},\"inLanguage\":\"en-US\",\"potentialAction\":[{\"@type\":\"ReadAction\",\"target\":[\"https:\/\/gs1.se\/en\/insights\/\"]}]},{\"@type\":\"BreadcrumbList\",\"@id\":\"https:\/\/gs1.se\/en\/insights\/#breadcrumb\",\"itemListElement\":[{\"@type\":\"ListItem\",\"position\":1,\"name\":\"Start\",\"item\":\"https:\/\/gs1.se\/en\/\"},{\"@type\":\"ListItem\",\"position\":2,\"name\":\"Insights\"}]},{\"@type\":\"WebSite\",\"@id\":\"https:\/\/gs1.se\/en\/#website\",\"url\":\"https:\/\/gs1.se\/en\/\",\"name\":\"GS1 Sweden\",\"description\":\"The Global Language of Business\",\"publisher\":{\"@id\":\"https:\/\/gs1.se\/en\/#organization\"},\"potentialAction\":[{\"@type\":\"SearchAction\",\"target\":{\"@type\":\"EntryPoint\",\"urlTemplate\":\"https:\/\/gs1.se\/en\/?s={search_term_string}\"},\"query-input\":{\"@type\":\"PropertyValueSpecification\",\"valueRequired\":true,\"valueName\":\"search_term_string\"}}],\"inLanguage\":\"en-US\"},{\"@type\":\"Organization\",\"@id\":\"https:\/\/gs1.se\/en\/#organization\",\"name\":\"GS1 Sweden\",\"url\":\"https:\/\/gs1.se\/en\/\",\"logo\":{\"@type\":\"ImageObject\",\"inLanguage\":\"en-US\",\"@id\":\"https:\/\/gs1.se\/en\/#\/schema\/logo\/image\/\",\"url\":\"https:\/\/gs1.se\/wp-content\/uploads\/sites\/2\/2020\/07\/gs1_sweden_61px_tall_rgb.png\",\"contentUrl\":\"https:\/\/gs1.se\/wp-content\/uploads\/sites\/2\/2020\/07\/gs1_sweden_61px_tall_rgb.png\",\"width\":109,\"height\":61,\"caption\":\"GS1 Sweden\"},\"image\":{\"@id\":\"https:\/\/gs1.se\/en\/#\/schema\/logo\/image\/\"},\"sameAs\":[\"https:\/\/www.linkedin.com\/company\/gs1-sweden\/\",\"https:\/\/www.youtube.com\/user\/SwedenGS1\"]}]}<\/script>\n<!-- \/ Yoast SEO Premium plugin. -->","yoast_head_json":{"title":"Insights &#187; GS1 Sweden","description":"Discover GS1 Sweden's latest insights, news and resources - from webinars and courses to inspiring initiatives, projects and articles.","robots":{"index":"index","follow":"follow","max-snippet":"max-snippet:-1","max-image-preview":"max-image-preview:large","max-video-preview":"max-video-preview:-1"},"canonical":"https:\/\/gs1.se\/en\/insights\/","og_locale":"en_US","og_type":"article","og_title":"Insights","og_url":"https:\/\/gs1.se\/en\/insights\/","og_site_name":"GS1 Sweden","article_modified_time":"2026-02-10T08:48:36+00:00","twitter_card":"summary_large_image","twitter_misc":{"Est. reading time":"2 minutes"},"schema":{"@context":"https:\/\/schema.org","@graph":[{"@type":"WebPage","@id":"https:\/\/gs1.se\/en\/insights\/","url":"https:\/\/gs1.se\/en\/insights\/","name":"Insights &#187; GS1 Sweden","isPartOf":{"@id":"https:\/\/gs1.se\/en\/#website"},"datePublished":"2026-02-10T08:39:51+00:00","dateModified":"2026-02-10T08:48:36+00:00","description":"Discover GS1 Sweden's latest insights, news and resources - from webinars and courses to inspiring initiatives, projects and articles.","breadcrumb":{"@id":"https:\/\/gs1.se\/en\/insights\/#breadcrumb"},"inLanguage":"en-US","potentialAction":[{"@type":"ReadAction","target":["https:\/\/gs1.se\/en\/insights\/"]}]},{"@type":"BreadcrumbList","@id":"https:\/\/gs1.se\/en\/insights\/#breadcrumb","itemListElement":[{"@type":"ListItem","position":1,"name":"Start","item":"https:\/\/gs1.se\/en\/"},{"@type":"ListItem","position":2,"name":"Insights"}]},{"@type":"WebSite","@id":"https:\/\/gs1.se\/en\/#website","url":"https:\/\/gs1.se\/en\/","name":"GS1 Sweden","description":"The Global Language of Business","publisher":{"@id":"https:\/\/gs1.se\/en\/#organization"},"potentialAction":[{"@type":"SearchAction","target":{"@type":"EntryPoint","urlTemplate":"https:\/\/gs1.se\/en\/?s={search_term_string}"},"query-input":{"@type":"PropertyValueSpecification","valueRequired":true,"valueName":"search_term_string"}}],"inLanguage":"en-US"},{"@type":"Organization","@id":"https:\/\/gs1.se\/en\/#organization","name":"GS1 Sweden","url":"https:\/\/gs1.se\/en\/","logo":{"@type":"ImageObject","inLanguage":"en-US","@id":"https:\/\/gs1.se\/en\/#\/schema\/logo\/image\/","url":"https:\/\/gs1.se\/wp-content\/uploads\/sites\/2\/2020\/07\/gs1_sweden_61px_tall_rgb.png","contentUrl":"https:\/\/gs1.se\/wp-content\/uploads\/sites\/2\/2020\/07\/gs1_sweden_61px_tall_rgb.png","width":109,"height":61,"caption":"GS1 Sweden"},"image":{"@id":"https:\/\/gs1.se\/en\/#\/schema\/logo\/image\/"},"sameAs":["https:\/\/www.linkedin.com\/company\/gs1-sweden\/","https:\/\/www.youtube.com\/user\/SwedenGS1"]}]}},"_links":{"self":[{"href":"https:\/\/gs1.se\/en\/wp-json\/wp\/v2\/pages\/72071","targetHints":{"allow":["GET"]}}],"collection":[{"href":"https:\/\/gs1.se\/en\/wp-json\/wp\/v2\/pages"}],"about":[{"href":"https:\/\/gs1.se\/en\/wp-json\/wp\/v2\/types\/page"}],"author":[{"embeddable":true,"href":"https:\/\/gs1.se\/en\/wp-json\/wp\/v2\/users\/81"}],"replies":[{"embeddable":true,"href":"https:\/\/gs1.se\/en\/wp-json\/wp\/v2\/comments?post=72071"}],"version-history":[{"count":3,"href":"https:\/\/gs1.se\/en\/wp-json\/wp\/v2\/pages\/72071\/revisions"}],"predecessor-version":[{"id":72082,"href":"https:\/\/gs1.se\/en\/wp-json\/wp\/v2\/pages\/72071\/revisions\/72082"}],"wp:attachment":[{"href":"https:\/\/gs1.se\/en\/wp-json\/wp\/v2\/media?parent=72071"}],"wp:term":[{"taxonomy":"post_tag","embeddable":true,"href":"https:\/\/gs1.se\/en\/wp-json\/wp\/v2\/tags?post=72071"}],"curies":[{"name":"wp","href":"https:\/\/api.w.org\/{rel}","templated":true}]}}