
{"id":54672,"date":"2024-03-19T16:08:40","date_gmt":"2024-03-19T14:08:40","guid":{"rendered":"https:\/\/gs1.se\/gs1-coffee-cup-return\/"},"modified":"2024-07-02T09:56:46","modified_gmt":"2024-07-02T07:56:46","slug":"gs1-coffee-cup-return","status":"publish","type":"page","link":"https:\/\/gs1.se\/en\/digital-link-demo\/gs1-coffee-cup-return\/","title":{"rendered":"GS1 Coffee Cup &#8211; Return"},"content":{"rendered":"\n<h2 class=\"wp-block-heading\">Recycle or return<\/h2>\n\n<p>Recycle the GS1 Coffee Cup as paper or return the cup to:<\/p>\n\n<div class=\"wp-block-columns is-layout-flex wp-container-core-columns-is-layout-9d6595d7 wp-block-columns-is-layout-flex\">\n<div class=\"wp-block-column is-layout-flow wp-block-column-is-layout-flow\">\n<figure class=\"wp-block-image size-full\"><img loading=\"lazy\" decoding=\"async\" width=\"904\" height=\"633\" src=\"https:\/\/gs1.se\/wp-content\/uploads\/sites\/2\/2022\/04\/retail-tech-monter-m12.png\" alt=\"\" class=\"wp-image-33067\" srcset=\"https:\/\/gs1.se\/wp-content\/uploads\/sites\/2\/2022\/04\/retail-tech-monter-m12.png 904w, https:\/\/gs1.se\/wp-content\/uploads\/sites\/2\/2022\/04\/retail-tech-monter-m12-300x210.png 300w, https:\/\/gs1.se\/wp-content\/uploads\/sites\/2\/2022\/04\/retail-tech-monter-m12-768x538.png 768w, https:\/\/gs1.se\/wp-content\/uploads\/sites\/2\/2022\/04\/retail-tech-monter-m12-640x448.png 640w\" sizes=\"auto, (max-width: 904px) 100vw, 904px\" \/><\/figure>\n\n\n\n<h3 class=\"wp-block-heading\" id=\"h-gs1-swedens-monter-m-12\">GS1 Sweden&#8217;s stand M:12<\/h3>\n\n\n\n<p>Return the cup at GS1 Sweden&#8217;s stand M:12 and receive a gift.<\/p>\n<\/div>\n\n\n\n<div class=\"wp-block-column is-layout-flow wp-block-column-is-layout-flow\">\n<figure class=\"wp-block-image size-full\"><img loading=\"lazy\" decoding=\"async\" width=\"904\" height=\"633\" src=\"https:\/\/gs1.se\/wp-content\/uploads\/sites\/2\/2022\/04\/gs1_sweden_repan_904x633.jpg\" alt=\"\" class=\"wp-image-33047\" srcset=\"https:\/\/gs1.se\/wp-content\/uploads\/sites\/2\/2022\/04\/gs1_sweden_repan_904x633.jpg 904w, https:\/\/gs1.se\/wp-content\/uploads\/sites\/2\/2022\/04\/gs1_sweden_repan_904x633-300x210.jpg 300w, https:\/\/gs1.se\/wp-content\/uploads\/sites\/2\/2022\/04\/gs1_sweden_repan_904x633-768x538.jpg 768w, https:\/\/gs1.se\/wp-content\/uploads\/sites\/2\/2022\/04\/gs1_sweden_repan_904x633-640x448.jpg 640w\" sizes=\"auto, (max-width: 904px) 100vw, 904px\" \/><\/figure>\n\n\n\n<h3 class=\"wp-block-heading\" id=\"h-gs1-swedens-huvudkontor\">GS1 Sweden headquarters<\/h3>\n\n\n\n<p>Send the cup back to GS1 Sweden headquarters.<br\/>V\u00e4stra J\u00e4rnv\u00e4gsgatan 15, 12 tr<br\/>111 64 Stockholm<br\/>GLN: 7300010000001<\/p>\n<\/div>\n<\/div>\n","protected":false},"excerpt":{"rendered":"<p>GS1 Digital Link makes it easy for consumers and retailers to know how to return or recycle a product.<\/p>\n","protected":false},"author":81,"featured_media":0,"parent":58715,"menu_order":0,"comment_status":"closed","ping_status":"closed","template":"","meta":{"_acf_changed":false,"_relevanssi_hide_post":"","_relevanssi_hide_content":"","_relevanssi_pin_for_all":"","_relevanssi_pin_keywords":"","_relevanssi_unpin_keywords":"","_relevanssi_related_keywords":"","_relevanssi_related_include_ids":"","_relevanssi_related_exclude_ids":"","_relevanssi_related_no_append":"","_relevanssi_related_not_related":"","_relevanssi_related_posts":"41292,29821,39614,38923,10970,18704","_relevanssi_noindex_reason":"","footnotes":""},"tags":[],"class_list":["post-54672","page","type-page","status-publish","hentry"],"acf":[],"yoast_head":"<!-- This site is optimized with the Yoast SEO Premium plugin v27.2 (Yoast SEO v27.2) - https:\/\/yoast.com\/product\/yoast-seo-premium-wordpress\/ -->\n<title>GS1 Coffee Cup - Return &#187; GS1 Sweden<\/title>\n<meta name=\"description\" content=\"GS1 Digital Link makes it easy for consumers and retailers to know how to return or recycle a product.\" \/>\n<meta name=\"robots\" content=\"index, follow, max-snippet:-1, max-image-preview:large, max-video-preview:-1\" \/>\n<link rel=\"canonical\" href=\"https:\/\/gs1.se\/en\/digital-link-demo\/gs1-coffee-cup-return\/\" \/>\n<meta property=\"og:locale\" content=\"en_US\" \/>\n<meta property=\"og:type\" content=\"article\" \/>\n<meta property=\"og:title\" content=\"GS1 Coffee Cup - Return\" \/>\n<meta property=\"og:description\" content=\"GS1 Digital Link makes it easy for consumers and retailers to know how to return or recycle a product.\" \/>\n<meta property=\"og:url\" content=\"https:\/\/gs1.se\/en\/digital-link-demo\/gs1-coffee-cup-return\/\" \/>\n<meta property=\"og:site_name\" content=\"GS1 Sweden\" \/>\n<meta property=\"article:modified_time\" content=\"2024-07-02T07:56:46+00:00\" \/>\n<meta property=\"og:image\" content=\"https:\/\/gs1.se\/wp-content\/uploads\/sites\/2\/2022\/04\/retail-tech-monter-m12.png\" \/>\n\t<meta property=\"og:image:width\" content=\"904\" \/>\n\t<meta property=\"og:image:height\" content=\"633\" \/>\n\t<meta property=\"og:image:type\" content=\"image\/png\" \/>\n<meta name=\"twitter:card\" content=\"summary_large_image\" \/>\n<meta name=\"twitter:label1\" content=\"Est. reading time\" \/>\n\t<meta name=\"twitter:data1\" content=\"1 minute\" \/>\n<script type=\"application\/ld+json\" class=\"yoast-schema-graph\">{\"@context\":\"https:\/\/schema.org\",\"@graph\":[{\"@type\":\"WebPage\",\"@id\":\"https:\/\/gs1.se\/en\/digital-link-demo\/gs1-coffee-cup-return\/\",\"url\":\"https:\/\/gs1.se\/en\/digital-link-demo\/gs1-coffee-cup-return\/\",\"name\":\"GS1 Coffee Cup - Return &#187; GS1 Sweden\",\"isPartOf\":{\"@id\":\"https:\/\/gs1.se\/en\/#website\"},\"primaryImageOfPage\":{\"@id\":\"https:\/\/gs1.se\/en\/digital-link-demo\/gs1-coffee-cup-return\/#primaryimage\"},\"image\":{\"@id\":\"https:\/\/gs1.se\/en\/digital-link-demo\/gs1-coffee-cup-return\/#primaryimage\"},\"thumbnailUrl\":\"https:\/\/gs1.se\/wp-content\/uploads\/sites\/2\/2022\/04\/retail-tech-monter-m12.png\",\"datePublished\":\"2024-03-19T14:08:40+00:00\",\"dateModified\":\"2024-07-02T07:56:46+00:00\",\"description\":\"GS1 Digital Link makes it easy for consumers and retailers to know how to return or recycle a product.\",\"breadcrumb\":{\"@id\":\"https:\/\/gs1.se\/en\/digital-link-demo\/gs1-coffee-cup-return\/#breadcrumb\"},\"inLanguage\":\"en-US\",\"potentialAction\":[{\"@type\":\"ReadAction\",\"target\":[\"https:\/\/gs1.se\/en\/digital-link-demo\/gs1-coffee-cup-return\/\"]}]},{\"@type\":\"ImageObject\",\"inLanguage\":\"en-US\",\"@id\":\"https:\/\/gs1.se\/en\/digital-link-demo\/gs1-coffee-cup-return\/#primaryimage\",\"url\":\"https:\/\/gs1.se\/wp-content\/uploads\/sites\/2\/2022\/04\/retail-tech-monter-m12.png\",\"contentUrl\":\"https:\/\/gs1.se\/wp-content\/uploads\/sites\/2\/2022\/04\/retail-tech-monter-m12.png\"},{\"@type\":\"BreadcrumbList\",\"@id\":\"https:\/\/gs1.se\/en\/digital-link-demo\/gs1-coffee-cup-return\/#breadcrumb\",\"itemListElement\":[{\"@type\":\"ListItem\",\"position\":1,\"name\":\"Start\",\"item\":\"https:\/\/gs1.se\/en\/\"},{\"@type\":\"ListItem\",\"position\":2,\"name\":\"GS1 Digital Link demo\",\"item\":\"https:\/\/gs1.se\/en\/digital-link-demo\/\"},{\"@type\":\"ListItem\",\"position\":3,\"name\":\"GS1 Coffee Cup &#8211; Return\"}]},{\"@type\":\"WebSite\",\"@id\":\"https:\/\/gs1.se\/en\/#website\",\"url\":\"https:\/\/gs1.se\/en\/\",\"name\":\"GS1 Sweden\",\"description\":\"The Global Language of Business\",\"publisher\":{\"@id\":\"https:\/\/gs1.se\/en\/#organization\"},\"potentialAction\":[{\"@type\":\"SearchAction\",\"target\":{\"@type\":\"EntryPoint\",\"urlTemplate\":\"https:\/\/gs1.se\/en\/?s={search_term_string}\"},\"query-input\":{\"@type\":\"PropertyValueSpecification\",\"valueRequired\":true,\"valueName\":\"search_term_string\"}}],\"inLanguage\":\"en-US\"},{\"@type\":\"Organization\",\"@id\":\"https:\/\/gs1.se\/en\/#organization\",\"name\":\"GS1 Sweden\",\"url\":\"https:\/\/gs1.se\/en\/\",\"logo\":{\"@type\":\"ImageObject\",\"inLanguage\":\"en-US\",\"@id\":\"https:\/\/gs1.se\/en\/#\/schema\/logo\/image\/\",\"url\":\"https:\/\/gs1.se\/wp-content\/uploads\/sites\/2\/2020\/07\/gs1_sweden_61px_tall_rgb.png\",\"contentUrl\":\"https:\/\/gs1.se\/wp-content\/uploads\/sites\/2\/2020\/07\/gs1_sweden_61px_tall_rgb.png\",\"width\":109,\"height\":61,\"caption\":\"GS1 Sweden\"},\"image\":{\"@id\":\"https:\/\/gs1.se\/en\/#\/schema\/logo\/image\/\"},\"sameAs\":[\"https:\/\/www.linkedin.com\/company\/gs1-sweden\/\",\"https:\/\/www.youtube.com\/user\/SwedenGS1\"]}]}<\/script>\n<!-- \/ Yoast SEO Premium plugin. -->","yoast_head_json":{"title":"GS1 Coffee Cup - Return &#187; GS1 Sweden","description":"GS1 Digital Link makes it easy for consumers and retailers to know how to return or recycle a product.","robots":{"index":"index","follow":"follow","max-snippet":"max-snippet:-1","max-image-preview":"max-image-preview:large","max-video-preview":"max-video-preview:-1"},"canonical":"https:\/\/gs1.se\/en\/digital-link-demo\/gs1-coffee-cup-return\/","og_locale":"en_US","og_type":"article","og_title":"GS1 Coffee Cup - Return","og_description":"GS1 Digital Link makes it easy for consumers and retailers to know how to return or recycle a product.","og_url":"https:\/\/gs1.se\/en\/digital-link-demo\/gs1-coffee-cup-return\/","og_site_name":"GS1 Sweden","article_modified_time":"2024-07-02T07:56:46+00:00","og_image":[{"width":904,"height":633,"url":"https:\/\/gs1.se\/wp-content\/uploads\/sites\/2\/2022\/04\/retail-tech-monter-m12.png","type":"image\/png"}],"twitter_card":"summary_large_image","twitter_misc":{"Est. reading time":"1 minute"},"schema":{"@context":"https:\/\/schema.org","@graph":[{"@type":"WebPage","@id":"https:\/\/gs1.se\/en\/digital-link-demo\/gs1-coffee-cup-return\/","url":"https:\/\/gs1.se\/en\/digital-link-demo\/gs1-coffee-cup-return\/","name":"GS1 Coffee Cup - Return &#187; GS1 Sweden","isPartOf":{"@id":"https:\/\/gs1.se\/en\/#website"},"primaryImageOfPage":{"@id":"https:\/\/gs1.se\/en\/digital-link-demo\/gs1-coffee-cup-return\/#primaryimage"},"image":{"@id":"https:\/\/gs1.se\/en\/digital-link-demo\/gs1-coffee-cup-return\/#primaryimage"},"thumbnailUrl":"https:\/\/gs1.se\/wp-content\/uploads\/sites\/2\/2022\/04\/retail-tech-monter-m12.png","datePublished":"2024-03-19T14:08:40+00:00","dateModified":"2024-07-02T07:56:46+00:00","description":"GS1 Digital Link makes it easy for consumers and retailers to know how to return or recycle a product.","breadcrumb":{"@id":"https:\/\/gs1.se\/en\/digital-link-demo\/gs1-coffee-cup-return\/#breadcrumb"},"inLanguage":"en-US","potentialAction":[{"@type":"ReadAction","target":["https:\/\/gs1.se\/en\/digital-link-demo\/gs1-coffee-cup-return\/"]}]},{"@type":"ImageObject","inLanguage":"en-US","@id":"https:\/\/gs1.se\/en\/digital-link-demo\/gs1-coffee-cup-return\/#primaryimage","url":"https:\/\/gs1.se\/wp-content\/uploads\/sites\/2\/2022\/04\/retail-tech-monter-m12.png","contentUrl":"https:\/\/gs1.se\/wp-content\/uploads\/sites\/2\/2022\/04\/retail-tech-monter-m12.png"},{"@type":"BreadcrumbList","@id":"https:\/\/gs1.se\/en\/digital-link-demo\/gs1-coffee-cup-return\/#breadcrumb","itemListElement":[{"@type":"ListItem","position":1,"name":"Start","item":"https:\/\/gs1.se\/en\/"},{"@type":"ListItem","position":2,"name":"GS1 Digital Link demo","item":"https:\/\/gs1.se\/en\/digital-link-demo\/"},{"@type":"ListItem","position":3,"name":"GS1 Coffee Cup &#8211; Return"}]},{"@type":"WebSite","@id":"https:\/\/gs1.se\/en\/#website","url":"https:\/\/gs1.se\/en\/","name":"GS1 Sweden","description":"The Global Language of Business","publisher":{"@id":"https:\/\/gs1.se\/en\/#organization"},"potentialAction":[{"@type":"SearchAction","target":{"@type":"EntryPoint","urlTemplate":"https:\/\/gs1.se\/en\/?s={search_term_string}"},"query-input":{"@type":"PropertyValueSpecification","valueRequired":true,"valueName":"search_term_string"}}],"inLanguage":"en-US"},{"@type":"Organization","@id":"https:\/\/gs1.se\/en\/#organization","name":"GS1 Sweden","url":"https:\/\/gs1.se\/en\/","logo":{"@type":"ImageObject","inLanguage":"en-US","@id":"https:\/\/gs1.se\/en\/#\/schema\/logo\/image\/","url":"https:\/\/gs1.se\/wp-content\/uploads\/sites\/2\/2020\/07\/gs1_sweden_61px_tall_rgb.png","contentUrl":"https:\/\/gs1.se\/wp-content\/uploads\/sites\/2\/2020\/07\/gs1_sweden_61px_tall_rgb.png","width":109,"height":61,"caption":"GS1 Sweden"},"image":{"@id":"https:\/\/gs1.se\/en\/#\/schema\/logo\/image\/"},"sameAs":["https:\/\/www.linkedin.com\/company\/gs1-sweden\/","https:\/\/www.youtube.com\/user\/SwedenGS1"]}]}},"_links":{"self":[{"href":"https:\/\/gs1.se\/en\/wp-json\/wp\/v2\/pages\/54672","targetHints":{"allow":["GET"]}}],"collection":[{"href":"https:\/\/gs1.se\/en\/wp-json\/wp\/v2\/pages"}],"about":[{"href":"https:\/\/gs1.se\/en\/wp-json\/wp\/v2\/types\/page"}],"author":[{"embeddable":true,"href":"https:\/\/gs1.se\/en\/wp-json\/wp\/v2\/users\/81"}],"replies":[{"embeddable":true,"href":"https:\/\/gs1.se\/en\/wp-json\/wp\/v2\/comments?post=54672"}],"version-history":[{"count":3,"href":"https:\/\/gs1.se\/en\/wp-json\/wp\/v2\/pages\/54672\/revisions"}],"predecessor-version":[{"id":59875,"href":"https:\/\/gs1.se\/en\/wp-json\/wp\/v2\/pages\/54672\/revisions\/59875"}],"up":[{"embeddable":true,"href":"https:\/\/gs1.se\/en\/wp-json\/wp\/v2\/pages\/58715"}],"wp:attachment":[{"href":"https:\/\/gs1.se\/en\/wp-json\/wp\/v2\/media?parent=54672"}],"wp:term":[{"taxonomy":"post_tag","embeddable":true,"href":"https:\/\/gs1.se\/en\/wp-json\/wp\/v2\/tags?post=54672"}],"curies":[{"name":"wp","href":"https:\/\/api.w.org\/{rel}","templated":true}]}}