
{"id":53600,"date":"2024-02-13T16:58:57","date_gmt":"2024-02-13T14:58:57","guid":{"rendered":"https:\/\/gs1.se\/gs1-chocolate-electronic-package-leaflet\/"},"modified":"2024-08-14T14:49:19","modified_gmt":"2024-08-14T12:49:19","slug":"gs1-chocolate-electronic-package-leaflet","status":"publish","type":"page","link":"https:\/\/gs1.se\/en\/digital-link-demo\/gs1-chocolate-electronic-package-leaflet\/","title":{"rendered":"GS1 Chocolate &#8211; Electronic package leaflet"},"content":{"rendered":"\n<div class=\"wp-block-columns is-layout-flex wp-container-core-columns-is-layout-9d6595d7 wp-block-columns-is-layout-flex\">\n<div class=\"wp-block-column is-layout-flow wp-block-column-is-layout-flow\">\n<h3 class=\"wp-block-heading\" id=\"h-user-information\">User Information<\/h3>\n\n\n\n<p>This medicine is subject to extended monitoring. This will enable quick identification of new safety information. You can help by reporting any side effects you may experience. Information on how to report side effects is provided at the end of the Adverse Reactions section.<\/p>\n\n\n\n<h3 class=\"wp-block-heading\" id=\"h-gs1-chocolate\">GS1 Chocolate <\/h3>\n\n\n\n<p>9 milk chocolate lentils, 7 grams.<\/p>\n\n\n\n<p><strong>Please read this leaflet carefully before<\/strong> <strong>consuming this chocolate. It contains<\/strong> <strong>information that is important to you.<\/strong><\/p>\n\n\n\n<ul class=\"wp-block-list\">\n<li>Keep this information, you may need to read it again.<\/li>\n\n\n\n<li>If you have further questions, consult a doctor.<\/li>\n\n\n\n<li>If you experience side effects, talk to your doctor. This applies even to any side effects not mentioned in this information.<\/li>\n<\/ul>\n\n\n\n<p><strong>Active substance:<\/strong> Milk chocolate<\/p>\n\n\n\n<p><strong>Therapeutic indications:<\/strong> This chocolate are not intended to treat any specific disease or condition. Instead, they constitute a delicacy for consumption, as an enjoyable treat in everyday life. The chocolate provide no medical benefit and should not be considered a medicinal product.<\/p>\n\n\n\n<h3 class=\"wp-block-heading\" id=\"h-dosage-and-administration\">Dosage and administration<\/h3>\n\n\n\n<p><strong>Dosage:<\/strong>The chocolate is intended to be enjoyed in moderate quantities. The recommendation is not to overconsume and to include them as part of a varied diet.<\/p>\n\n\n\n<p><strong>Administration:<\/strong> Be sure to remove any packaging material before consumption.<\/p>\n\n\n\n<ul class=\"wp-block-list\">\n<li>Open the package carefully to avoid spillage or &#8220;chocolate storms.&#8221;<\/li>\n\n\n\n<li>Take a manageable amount of chocolate and place them in your mouth.<\/li>\n\n\n\n<li>Chew slowly to experience the unique combination of milk chocolate and colored sugar coating.<\/li>\n<\/ul>\n<\/div>\n\n\n\n<div class=\"wp-block-column is-layout-flow wp-block-column-is-layout-flow\">\n<p><strong>Contraindications:<\/strong> Do not use this medicine if you are allergic to any of its components. Consult your doctor if you are unsure.<\/p>\n\n\n\n<ul class=\"wp-block-list\">\n<li>Milk and soy. May contain traces of nuts, peanuts, sesame, eggs and gluten.<\/li>\n<\/ul>\n\n\n\n<h3 class=\"wp-block-heading\" id=\"h-warnings-and-precautions\">Warnings and precautions<\/h3>\n\n\n\n<ul class=\"wp-block-list\">\n<li><strong>Allergic reactions:<\/strong> Avoid consumption if you are allergic to milk, soy, gluten, nuts, peanuts, sesame, eggs, or other noted allergens. In case of allergic reactions, discontinue use and seek medical assistance.<\/li>\n<\/ul>\n\n\n\n<h3 class=\"wp-block-heading\" id=\"h-side-effects\">Side effects<\/h3>\n\n\n\n<p><strong>Common side effects include:<\/strong><\/p>\n\n\n\n<ul class=\"wp-block-list\">\n<li>Increased enjoyment<\/li>\n\n\n\n<li>Short-term feeling of happiness<\/li>\n\n\n\n<li>Possible desire for additional consumption<\/li>\n<\/ul>\n\n\n\n<p><strong>Storage instructions:<\/strong>Store in a cool, dry place away from direct sunlight.<\/p>\n\n\n\n<p><strong>Shelf life:<\/strong> Do not consume the chocolate lentils after the expiration date indicated on the packaging.<\/p>\n\n\n\n<h3 class=\"wp-block-heading\" id=\"h-contact-information\">Contact information <\/h3>\n\n\n\n<p><strong>Holder:<\/strong><br>GS1 Sweden <br>V\u00e4stra J\u00e4rnv\u00e4gsgatan 15<br>111 91 Stockholm<\/p>\n\n\n\n<p><strong>Manufacturer: <br><\/strong>Axon Profil AB <br>H\u00e4lsingegatan 49<br>113 31 Stockholm<\/p>\n\n\n\n<p><em>Please note that this &#8220;medical leaflet&#8221; is fictional and intended for demonstration purposes only. Chocolate are not normally medical products and should be consumed considering individual dietary needs and health conditions. <\/em><\/p>\n\n\n\n<p><\/p>\n\n\n\n<p><\/p>\n\n\n\n<p><\/p>\n<\/div>\n<\/div>\n\n\n\n<div class=\"wp-block-columns is-layout-flex wp-container-core-columns-is-layout-9d6595d7 wp-block-columns-is-layout-flex\">\n<div class=\"wp-block-column is-layout-flow wp-block-column-is-layout-flow\">\n<p><\/p>\n<\/div>\n<\/div>\n","protected":false},"excerpt":{"rendered":"<p>User Information This medicine is subject to extended monitoring. This will enable quick identification of new safety information. You can help by reporting any side effects you may experience. Information on how to report side effects is provided at the end of the Adverse Reactions section. GS1 Chocolate 9 milk chocolate lentils, 7 grams. Please &hellip;<\/p>\n","protected":false},"author":84,"featured_media":0,"parent":58715,"menu_order":0,"comment_status":"closed","ping_status":"closed","template":"","meta":{"_acf_changed":false,"_relevanssi_hide_post":"","_relevanssi_hide_content":"","_relevanssi_pin_for_all":"","_relevanssi_pin_keywords":"","_relevanssi_unpin_keywords":"","_relevanssi_related_keywords":"","_relevanssi_related_include_ids":"","_relevanssi_related_exclude_ids":"","_relevanssi_related_no_append":"","_relevanssi_related_not_related":"","_relevanssi_related_posts":"41292,29821,39614,38923,18704,10970","_relevanssi_noindex_reason":"Relevanssis filter f\u00f6r bildbilagor Yoast SEO Uteslut fr\u00e5n Relevanssi index","footnotes":""},"tags":[],"class_list":["post-53600","page","type-page","status-publish","hentry"],"acf":[],"yoast_head":"<!-- This site is optimized with the Yoast SEO Premium plugin v27.2 (Yoast SEO v27.2) - https:\/\/yoast.com\/product\/yoast-seo-premium-wordpress\/ -->\n<title>GS1 Chocolate - Electronic package leaflet &#187; GS1 Sweden<\/title>\n<meta name=\"description\" content=\"Using GS1 Digital Link you can add an electronic leaflet with e.g. more information on how to use the product.\" \/>\n<meta name=\"robots\" content=\"noindex, follow\" \/>\n<meta property=\"og:locale\" content=\"en_US\" \/>\n<meta property=\"og:type\" content=\"article\" \/>\n<meta property=\"og:title\" content=\"GS1 Chocolate - Electronic package leaflet\" \/>\n<meta property=\"og:description\" content=\"User Information This medicine is subject to extended monitoring. This will enable quick identification of new safety information. You can help by\" \/>\n<meta property=\"og:url\" content=\"https:\/\/gs1.se\/en\/digital-link-demo\/gs1-chocolate-electronic-package-leaflet\/\" \/>\n<meta property=\"og:site_name\" content=\"GS1 Sweden\" \/>\n<meta property=\"article:modified_time\" content=\"2024-08-14T12:49:19+00:00\" \/>\n<meta name=\"twitter:card\" content=\"summary_large_image\" \/>\n<meta name=\"twitter:label1\" content=\"Est. reading time\" \/>\n\t<meta name=\"twitter:data1\" content=\"3 minutes\" \/>\n<script type=\"application\/ld+json\" class=\"yoast-schema-graph\">{\"@context\":\"https:\/\/schema.org\",\"@graph\":[{\"@type\":\"WebPage\",\"@id\":\"https:\/\/gs1.se\/en\/digital-link-demo\/gs1-chocolate-electronic-package-leaflet\/\",\"url\":\"https:\/\/gs1.se\/en\/digital-link-demo\/gs1-chocolate-electronic-package-leaflet\/\",\"name\":\"GS1 Chocolate - Electronic package leaflet &#187; GS1 Sweden\",\"isPartOf\":{\"@id\":\"https:\/\/gs1.se\/en\/#website\"},\"datePublished\":\"2024-02-13T14:58:57+00:00\",\"dateModified\":\"2024-08-14T12:49:19+00:00\",\"description\":\"Using GS1 Digital Link you can add an electronic leaflet with e.g. more information on how to use the product.\",\"breadcrumb\":{\"@id\":\"https:\/\/gs1.se\/en\/digital-link-demo\/gs1-chocolate-electronic-package-leaflet\/#breadcrumb\"},\"inLanguage\":\"en-US\",\"potentialAction\":[{\"@type\":\"ReadAction\",\"target\":[\"https:\/\/gs1.se\/en\/digital-link-demo\/gs1-chocolate-electronic-package-leaflet\/\"]}]},{\"@type\":\"BreadcrumbList\",\"@id\":\"https:\/\/gs1.se\/en\/digital-link-demo\/gs1-chocolate-electronic-package-leaflet\/#breadcrumb\",\"itemListElement\":[{\"@type\":\"ListItem\",\"position\":1,\"name\":\"Start\",\"item\":\"https:\/\/gs1.se\/en\/\"},{\"@type\":\"ListItem\",\"position\":2,\"name\":\"GS1 Digital Link demo\",\"item\":\"https:\/\/gs1.se\/en\/digital-link-demo\/\"},{\"@type\":\"ListItem\",\"position\":3,\"name\":\"GS1 Chocolate &#8211; Electronic package leaflet\"}]},{\"@type\":\"WebSite\",\"@id\":\"https:\/\/gs1.se\/en\/#website\",\"url\":\"https:\/\/gs1.se\/en\/\",\"name\":\"GS1 Sweden\",\"description\":\"The Global Language of Business\",\"publisher\":{\"@id\":\"https:\/\/gs1.se\/en\/#organization\"},\"potentialAction\":[{\"@type\":\"SearchAction\",\"target\":{\"@type\":\"EntryPoint\",\"urlTemplate\":\"https:\/\/gs1.se\/en\/?s={search_term_string}\"},\"query-input\":{\"@type\":\"PropertyValueSpecification\",\"valueRequired\":true,\"valueName\":\"search_term_string\"}}],\"inLanguage\":\"en-US\"},{\"@type\":\"Organization\",\"@id\":\"https:\/\/gs1.se\/en\/#organization\",\"name\":\"GS1 Sweden\",\"url\":\"https:\/\/gs1.se\/en\/\",\"logo\":{\"@type\":\"ImageObject\",\"inLanguage\":\"en-US\",\"@id\":\"https:\/\/gs1.se\/en\/#\/schema\/logo\/image\/\",\"url\":\"https:\/\/gs1.se\/wp-content\/uploads\/sites\/2\/2020\/07\/gs1_sweden_61px_tall_rgb.png\",\"contentUrl\":\"https:\/\/gs1.se\/wp-content\/uploads\/sites\/2\/2020\/07\/gs1_sweden_61px_tall_rgb.png\",\"width\":109,\"height\":61,\"caption\":\"GS1 Sweden\"},\"image\":{\"@id\":\"https:\/\/gs1.se\/en\/#\/schema\/logo\/image\/\"},\"sameAs\":[\"https:\/\/www.linkedin.com\/company\/gs1-sweden\/\",\"https:\/\/www.youtube.com\/user\/SwedenGS1\"]}]}<\/script>\n<!-- \/ Yoast SEO Premium plugin. -->","yoast_head_json":{"title":"GS1 Chocolate - Electronic package leaflet &#187; GS1 Sweden","description":"Using GS1 Digital Link you can add an electronic leaflet with e.g. more information on how to use the product.","robots":{"index":"noindex","follow":"follow"},"og_locale":"en_US","og_type":"article","og_title":"GS1 Chocolate - Electronic package leaflet","og_description":"User Information This medicine is subject to extended monitoring. This will enable quick identification of new safety information. You can help by","og_url":"https:\/\/gs1.se\/en\/digital-link-demo\/gs1-chocolate-electronic-package-leaflet\/","og_site_name":"GS1 Sweden","article_modified_time":"2024-08-14T12:49:19+00:00","twitter_card":"summary_large_image","twitter_misc":{"Est. reading time":"3 minutes"},"schema":{"@context":"https:\/\/schema.org","@graph":[{"@type":"WebPage","@id":"https:\/\/gs1.se\/en\/digital-link-demo\/gs1-chocolate-electronic-package-leaflet\/","url":"https:\/\/gs1.se\/en\/digital-link-demo\/gs1-chocolate-electronic-package-leaflet\/","name":"GS1 Chocolate - Electronic package leaflet &#187; GS1 Sweden","isPartOf":{"@id":"https:\/\/gs1.se\/en\/#website"},"datePublished":"2024-02-13T14:58:57+00:00","dateModified":"2024-08-14T12:49:19+00:00","description":"Using GS1 Digital Link you can add an electronic leaflet with e.g. more information on how to use the product.","breadcrumb":{"@id":"https:\/\/gs1.se\/en\/digital-link-demo\/gs1-chocolate-electronic-package-leaflet\/#breadcrumb"},"inLanguage":"en-US","potentialAction":[{"@type":"ReadAction","target":["https:\/\/gs1.se\/en\/digital-link-demo\/gs1-chocolate-electronic-package-leaflet\/"]}]},{"@type":"BreadcrumbList","@id":"https:\/\/gs1.se\/en\/digital-link-demo\/gs1-chocolate-electronic-package-leaflet\/#breadcrumb","itemListElement":[{"@type":"ListItem","position":1,"name":"Start","item":"https:\/\/gs1.se\/en\/"},{"@type":"ListItem","position":2,"name":"GS1 Digital Link demo","item":"https:\/\/gs1.se\/en\/digital-link-demo\/"},{"@type":"ListItem","position":3,"name":"GS1 Chocolate &#8211; Electronic package leaflet"}]},{"@type":"WebSite","@id":"https:\/\/gs1.se\/en\/#website","url":"https:\/\/gs1.se\/en\/","name":"GS1 Sweden","description":"The Global Language of Business","publisher":{"@id":"https:\/\/gs1.se\/en\/#organization"},"potentialAction":[{"@type":"SearchAction","target":{"@type":"EntryPoint","urlTemplate":"https:\/\/gs1.se\/en\/?s={search_term_string}"},"query-input":{"@type":"PropertyValueSpecification","valueRequired":true,"valueName":"search_term_string"}}],"inLanguage":"en-US"},{"@type":"Organization","@id":"https:\/\/gs1.se\/en\/#organization","name":"GS1 Sweden","url":"https:\/\/gs1.se\/en\/","logo":{"@type":"ImageObject","inLanguage":"en-US","@id":"https:\/\/gs1.se\/en\/#\/schema\/logo\/image\/","url":"https:\/\/gs1.se\/wp-content\/uploads\/sites\/2\/2020\/07\/gs1_sweden_61px_tall_rgb.png","contentUrl":"https:\/\/gs1.se\/wp-content\/uploads\/sites\/2\/2020\/07\/gs1_sweden_61px_tall_rgb.png","width":109,"height":61,"caption":"GS1 Sweden"},"image":{"@id":"https:\/\/gs1.se\/en\/#\/schema\/logo\/image\/"},"sameAs":["https:\/\/www.linkedin.com\/company\/gs1-sweden\/","https:\/\/www.youtube.com\/user\/SwedenGS1"]}]}},"_links":{"self":[{"href":"https:\/\/gs1.se\/en\/wp-json\/wp\/v2\/pages\/53600","targetHints":{"allow":["GET"]}}],"collection":[{"href":"https:\/\/gs1.se\/en\/wp-json\/wp\/v2\/pages"}],"about":[{"href":"https:\/\/gs1.se\/en\/wp-json\/wp\/v2\/types\/page"}],"author":[{"embeddable":true,"href":"https:\/\/gs1.se\/en\/wp-json\/wp\/v2\/users\/84"}],"replies":[{"embeddable":true,"href":"https:\/\/gs1.se\/en\/wp-json\/wp\/v2\/comments?post=53600"}],"version-history":[{"count":4,"href":"https:\/\/gs1.se\/en\/wp-json\/wp\/v2\/pages\/53600\/revisions"}],"predecessor-version":[{"id":60900,"href":"https:\/\/gs1.se\/en\/wp-json\/wp\/v2\/pages\/53600\/revisions\/60900"}],"up":[{"embeddable":true,"href":"https:\/\/gs1.se\/en\/wp-json\/wp\/v2\/pages\/58715"}],"wp:attachment":[{"href":"https:\/\/gs1.se\/en\/wp-json\/wp\/v2\/media?parent=53600"}],"wp:term":[{"taxonomy":"post_tag","embeddable":true,"href":"https:\/\/gs1.se\/en\/wp-json\/wp\/v2\/tags?post=53600"}],"curies":[{"name":"wp","href":"https:\/\/api.w.org\/{rel}","templated":true}]}}