
{"id":2781,"date":"2020-06-25T20:02:37","date_gmt":"2020-06-25T20:02:37","guid":{"rendered":"https:\/\/gs1.se\/get-started-guides\/measure-a-product\/"},"modified":"2024-08-15T11:21:46","modified_gmt":"2024-08-15T09:21:46","slug":"measure-a-product","status":"publish","type":"page","link":"https:\/\/gs1.se\/en\/guides\/how-to-guides\/measure-a-product\/","title":{"rendered":"Measure a product"},"content":{"rendered":"<div class=\"wp-block-image\">\n<figure class=\"alignright size-large is-resized\"><img loading=\"lazy\" decoding=\"async\" width=\"1024\" height=\"683\" src=\"https:\/\/gs1.se\/wp-content\/uploads\/sites\/2\/2020\/08\/mat-en-produkt-bild-1024x683.jpg\" alt=\"\" class=\"wp-image-10453\" style=\"width:256px;height:171px\" srcset=\"https:\/\/gs1.se\/wp-content\/uploads\/sites\/2\/2020\/08\/mat-en-produkt-bild-1024x683.jpg 1024w, https:\/\/gs1.se\/wp-content\/uploads\/sites\/2\/2020\/08\/mat-en-produkt-bild-300x200.jpg 300w, https:\/\/gs1.se\/wp-content\/uploads\/sites\/2\/2020\/08\/mat-en-produkt-bild-1536x1024.jpg 1536w, https:\/\/gs1.se\/wp-content\/uploads\/sites\/2\/2020\/08\/mat-en-produkt-bild-768x512.jpg 768w, https:\/\/gs1.se\/wp-content\/uploads\/sites\/2\/2020\/08\/mat-en-produkt-bild-640x427.jpg 640w, https:\/\/gs1.se\/wp-content\/uploads\/sites\/2\/2020\/08\/mat-en-produkt-bild-1280x853.jpg 1280w, https:\/\/gs1.se\/wp-content\/uploads\/sites\/2\/2020\/08\/mat-en-produkt-bild.jpg 1920w\" sizes=\"auto, (max-width: 1024px) 100vw, 1024px\" \/><\/figure>\n<\/div>\n\n\n<p>When measuring the height, width and depth of a product, it is important that you and everyone else measures the same way. Fortunately, there is a GS1 standard that points out how to measure products and this makes it easier to deliver accurate information. Use our checklist based on our most frequently asked questions about measuring products.<\/p>\n\n\n\n<h3 class=\"wp-block-heading\" id=\"h-why-correct-measurements-matters\">Why correct measurements matters<\/h3>\n\n\n\n<p>Your product dimensions are included in your <a href=\"https:\/\/gs1.se\/en\/standards-and-services\/gs1-trade-item-information\/\" data-type=\"product\" data-id=\"6700\">trade item information<\/a> which is the digital information shared with your recipient or retailer. The dimensions in the trade item information must be consistent with the dimensions of the actual packaging. This results in many efficiency benefits, for example;<\/p>\n\n\n\n<ul class=\"wp-block-list\">\n<li>a retailer can make a accurate shelf planning and optimize the shelves<\/li>\n\n\n\n<li>packages and pallets will fit in the warehouse<\/li>\n\n\n\n<li>transports can be planned so that the truck&#8217;s capacity is optimally utilized.<\/li>\n<\/ul>\n\n\n\n<h2 class=\"wp-block-heading\" id=\"h-checklist\">Checklist<\/h2>\n\n\n\n<div class=\"wp-block-image\"><figure class=\"alignright size-large is-resized\"><img loading=\"lazy\" decoding=\"async\" src=\"https:\/\/gs1.se\/wp-content\/uploads\/sites\/2\/2020\/05\/matregler-illustration.png\" alt=\"\" class=\"wp-image-1129\" width=\"236\" height=\"196\" srcset=\"https:\/\/gs1.se\/wp-content\/uploads\/sites\/2\/2020\/05\/matregler-illustration.png 314w, https:\/\/gs1.se\/wp-content\/uploads\/sites\/2\/2020\/05\/matregler-illustration-300x249.png 300w\" sizes=\"auto, (max-width: 236px) 100vw, 236px\" \/><\/figure><\/div>\n\n\n<div class=\"wp-block-image\">\n<figure class=\"alignleft size-large is-resized\"><img decoding=\"async\" src=\"https:\/\/gs1.se\/wp-content\/uploads\/sites\/2\/2020\/08\/check-green-24px.svg\" alt=\"\" class=\"wp-image-8364\" style=\"width:38px;height:38px\" \/><\/figure>\n<\/div>\n\n\n<h3 class=\"wp-block-heading\" id=\"h-measure-the-outer-dimensions\">Measure the outer dimensions<\/h3>\n\n\n\n<p>Remember to always measure the outer dimensions of the item as they are needed for shelf planning and transport. If you instead use the inner dimensions that you receive from your packaging supplier, you may get an end result where the store&#8217;s shelf planning doesn&#8217;t work or the item doesn&#8217;t fit in it&#8217;s slot at the warehouse.<\/p>\n\n\n<div class=\"wp-block-image\">\n<figure class=\"alignleft size-large is-resized\"><img decoding=\"async\" src=\"https:\/\/gs1.se\/wp-content\/uploads\/sites\/2\/2020\/08\/check-green-24px.svg\" alt=\"\" class=\"wp-image-8364\" style=\"width:38px;height:38px\" \/><\/figure>\n<\/div>\n\n\n<h3 class=\"wp-block-heading\" id=\"h-let-the-measurement-standard-guide-you\">Let the measurement standard guide you<\/h3>\n\n\n\n<p> <a href=\"https:\/\/www.gs1.org\/standards\/gs1-package-and-product-measurement-standard\/current-standard\" target=\"_blank\" rel=\"noreferrer noopener\">The GS1 Package and Product Measurement Standard<\/a> is the global standard for all packaging types. The parts describing measurement  for packed consumer and non-consumer items are translated into Swedish in <a href=\"https:\/\/gs1.se\/guider\/dokumentation\/matning-av-forpackningar-och-produkter\/\" target=\"_blank\" rel=\"noreferrer noopener\">GS1 Standard f\u00f6r m\u00e4tning av f\u00f6rpackningar och produkter<\/a>.<\/p>\n\n\n<div class=\"wp-block-image\">\n<figure class=\"alignleft size-large is-resized\"><img decoding=\"async\" src=\"https:\/\/gs1.se\/wp-content\/uploads\/sites\/2\/2020\/08\/check-green-24px.svg\" alt=\"\" class=\"wp-image-8364\" style=\"width:38px;height:38px\" \/><\/figure>\n<\/div>\n\n<div class=\"wp-block-image is-style-default\">\n<figure class=\"alignright size-large is-resized\"><img decoding=\"async\" src=\"https:\/\/gs1.se\/wp-content\/uploads\/sites\/2\/2020\/07\/validoo-qlab-match.svg\" alt=\"\" class=\"wp-image-4077\" style=\"width:240px;height:139px\" \/><\/figure>\n<\/div>\n\n\n<h3 class=\"wp-block-heading\" id=\"h-quality-assurance\">Quality Assurance&nbsp;<\/h3>\n\n\n\n<p>Suppliers can get assistance with quality assurance of trade item information in <a data-type=\"product\" data-id=\"4215\" href=\"https:\/\/gs1.se\/en\/standards-and-services\/validoo\/\" target=\"_blank\" rel=\"noreferrer noopener\">Validoo<\/a> which is a service from GS1 Sweden. A quality assurance means that a data quality specialist helps you check that information on the trade item and the information on the physical packaging match and comply with the measurement standard. <\/p>\n\n\n<div class=\"wp-block-image\">\n<figure class=\"alignleft size-large is-resized\"><img decoding=\"async\" src=\"https:\/\/gs1.se\/wp-content\/uploads\/sites\/2\/2020\/08\/check-green-24px.svg\" alt=\"\" class=\"wp-image-8364\" style=\"width:38px;height:38px\" \/><\/figure>\n<\/div>\n\n\n<h3 class=\"wp-block-heading\" id=\"h-consumer-and-non-consumer-items\">Consumer and non-consumer items<\/h3>\n\n\n<div class=\"wp-block-image\">\n<figure class=\"alignright size-full is-resized\"><img loading=\"lazy\" decoding=\"async\" width=\"480\" height=\"270\" src=\"https:\/\/gs1.se\/wp-content\/uploads\/sites\/2\/2020\/05\/icke-konsumentartikel-illustration.jpg\" alt=\"\" class=\"wp-image-1133\" style=\"width:240px;height:135px\" srcset=\"https:\/\/gs1.se\/wp-content\/uploads\/sites\/2\/2020\/05\/icke-konsumentartikel-illustration.jpg 480w, https:\/\/gs1.se\/wp-content\/uploads\/sites\/2\/2020\/05\/icke-konsumentartikel-illustration-300x169.jpg 300w\" sizes=\"auto, (max-width: 480px) 100vw, 480px\" \/><\/figure>\n<\/div>\n\n\n<p>When measuring the item you need to think about whether it should be sold to a consumer or not. These two items should be measured in different ways:<\/p>\n\n\n\n<ul class=\"wp-block-list\">\n<li><strong>A consumer item<\/strong> is sold to a consumer (example a jar of jam). <\/li>\n\n\n\n<li><strong>A non-consumer item<\/strong> is not sold to consumers (example a cardboard box or a tray). <\/li>\n<\/ul>\n\n\n\n<h3 class=\"wp-block-heading\" id=\"h-measurement-tutorials\">Measurement Tutorials<\/h3>\n\n\n\n<p>These tutorials explain how to measure consumer and non-consumer items according to GDSN Package Measurement Rules. <\/p>\n\n\n\n<div class=\"wp-block-columns is-layout-flex wp-container-core-columns-is-layout-9d6595d7 wp-block-columns-is-layout-flex\">\n<div class=\"wp-block-column is-layout-flow wp-block-column-is-layout-flow\">\n<h4 class=\"wp-block-heading\" id=\"h-products-with-packaging-hard\">Products with packaging &#8211; hard<\/h4>\n\n\n\n<figure class=\"wp-block-embed is-type-video is-provider-youtube wp-block-embed-youtube wp-embed-aspect-4-3 wp-has-aspect-ratio\"><div class=\"wp-block-embed__wrapper\">\n\n    <div data-provider=\"YouTube\" class=\"video-wrapper video-wrapper-YouTube h-100 w-100\" style=\"background: url(https:\/\/img.youtube.com\/vi\/dPBGb7EAWM8\/mqdefault.jpg) center center \/ cover no-repeat;\">\n        <div class=\"video-overlay position-absolute w-100 h-100 d-flex flex-column justify-content-center align-items-center\">\n            <div class=\"d-flex flex-column h-auto justify-content-center align-items-center p-3 inner\" style=\"background-color: rgba(240, 245, 250, 0.9); \">\n                <h4>Behind this, you&#8217;ll find a video<\/h4>  \n                <p class=\"mb-1 text-center gs1-smallest\">To display this content, you need to consent to non-essential cookies. You can withdraw your consent at any time by clicking Manage Cookies.<\/p>\n                \n                <button type=\"button\" class=\"btn btn-sm btn-primary\" data-toggle=\"modal\"\n  data-target=\"#cookieModal\">Manage Cookies<\/button>\n            <\/div>    \n        <\/div>\n        <iframe title=\"Video GS1 GDSN Measurement Rules part 1\" width=\"500\" height=\"375\" data-src=\"https:\/\/www.youtube-nocookie.com\/embed\/dPBGb7EAWM8?feature=oembed\" class=\"youtube-iframe\"  frameborder=\"0\" allow=\"accelerometer; autoplay; clipboard-write; encrypted-media; gyroscope; picture-in-picture; web-share\" referrerpolicy=\"strict-origin-when-cross-origin\" allowfullscreen><\/iframe>\n    <\/div>\n<\/div><\/figure>\n\n\n\n<h4 class=\"wp-block-heading\" id=\"h-products-with-packaging-soft\">Products with packaging &#8211; soft<\/h4>\n\n\n\n<figure class=\"wp-block-embed is-type-video is-provider-youtube wp-block-embed-youtube wp-embed-aspect-4-3 wp-has-aspect-ratio\"><div class=\"wp-block-embed__wrapper\">\n\n    <div data-provider=\"YouTube\" class=\"video-wrapper video-wrapper-YouTube h-100 w-100\" style=\"background: url(https:\/\/img.youtube.com\/vi\/Ub5DFv6cXh0\/mqdefault.jpg) center center \/ cover no-repeat;\">\n        <div class=\"video-overlay position-absolute w-100 h-100 d-flex flex-column justify-content-center align-items-center\">\n            <div class=\"d-flex flex-column h-auto justify-content-center align-items-center p-3 inner\" style=\"background-color: rgba(240, 245, 250, 0.9); \">\n                <h4>Behind this, you&#8217;ll find a video<\/h4>  \n                <p class=\"mb-1 text-center gs1-smallest\">To display this content, you need to consent to non-essential cookies. You can withdraw your consent at any time by clicking Manage Cookies.<\/p>\n                \n                <button type=\"button\" class=\"btn btn-sm btn-primary\" data-toggle=\"modal\"\n  data-target=\"#cookieModal\">Manage Cookies<\/button>\n            <\/div>    \n        <\/div>\n        <iframe title=\"Video GS1 GDSN Measurement Rules part 3\" width=\"500\" height=\"375\" data-src=\"https:\/\/www.youtube-nocookie.com\/embed\/Ub5DFv6cXh0?feature=oembed\" class=\"youtube-iframe\"  frameborder=\"0\" allow=\"accelerometer; autoplay; clipboard-write; encrypted-media; gyroscope; picture-in-picture; web-share\" referrerpolicy=\"strict-origin-when-cross-origin\" allowfullscreen><\/iframe>\n    <\/div>\n<\/div><\/figure>\n<\/div>\n\n\n\n<div class=\"wp-block-column is-layout-flow wp-block-column-is-layout-flow\">\n<h4 class=\"wp-block-heading\" id=\"h-products-with-packaging-medium\">Products with packaging &#8211; medium<\/h4>\n\n\n\n<figure class=\"wp-block-embed is-type-video is-provider-youtube wp-block-embed-youtube wp-embed-aspect-4-3 wp-has-aspect-ratio\"><div class=\"wp-block-embed__wrapper\">\n\n    <div data-provider=\"YouTube\" class=\"video-wrapper video-wrapper-YouTube h-100 w-100\" style=\"background: url(https:\/\/img.youtube.com\/vi\/HNBNd541wCY\/mqdefault.jpg) center center \/ cover no-repeat;\">\n        <div class=\"video-overlay position-absolute w-100 h-100 d-flex flex-column justify-content-center align-items-center\">\n            <div class=\"d-flex flex-column h-auto justify-content-center align-items-center p-3 inner\" style=\"background-color: rgba(240, 245, 250, 0.9); \">\n                <h4>Behind this, you&#8217;ll find a video<\/h4>  \n                <p class=\"mb-1 text-center gs1-smallest\">To display this content, you need to consent to non-essential cookies. You can withdraw your consent at any time by clicking Manage Cookies.<\/p>\n                \n                <button type=\"button\" class=\"btn btn-sm btn-primary\" data-toggle=\"modal\"\n  data-target=\"#cookieModal\">Manage Cookies<\/button>\n            <\/div>    \n        <\/div>\n        <iframe title=\"Video GS1 GDSN Measurement Rules part 2\" width=\"500\" height=\"375\" data-src=\"https:\/\/www.youtube-nocookie.com\/embed\/HNBNd541wCY?feature=oembed\" class=\"youtube-iframe\"  frameborder=\"0\" allow=\"accelerometer; autoplay; clipboard-write; encrypted-media; gyroscope; picture-in-picture; web-share\" referrerpolicy=\"strict-origin-when-cross-origin\" allowfullscreen><\/iframe>\n    <\/div>\n<\/div><\/figure>\n\n\n\n<h4 class=\"wp-block-heading\" id=\"h-non-consumer-trade-items\">Non-consumer trade items<\/h4>\n\n\n\n<figure class=\"wp-block-embed is-type-video is-provider-youtube wp-block-embed-youtube wp-embed-aspect-4-3 wp-has-aspect-ratio\"><div class=\"wp-block-embed__wrapper\">\n\n    <div data-provider=\"YouTube\" class=\"video-wrapper video-wrapper-YouTube h-100 w-100\" style=\"background: url(https:\/\/img.youtube.com\/vi\/YS99IL-mJ8I\/mqdefault.jpg) center center \/ cover no-repeat;\">\n        <div class=\"video-overlay position-absolute w-100 h-100 d-flex flex-column justify-content-center align-items-center\">\n            <div class=\"d-flex flex-column h-auto justify-content-center align-items-center p-3 inner\" style=\"background-color: rgba(240, 245, 250, 0.9); \">\n                <h4>Behind this, you&#8217;ll find a video<\/h4>  \n                <p class=\"mb-1 text-center gs1-smallest\">To display this content, you need to consent to non-essential cookies. You can withdraw your consent at any time by clicking Manage Cookies.<\/p>\n                \n                <button type=\"button\" class=\"btn btn-sm btn-primary\" data-toggle=\"modal\"\n  data-target=\"#cookieModal\">Manage Cookies<\/button>\n            <\/div>    \n        <\/div>\n        <iframe title=\"Video GS1 GDSN Measurement Rules part 4\" width=\"500\" height=\"375\" data-src=\"https:\/\/www.youtube-nocookie.com\/embed\/YS99IL-mJ8I?feature=oembed\" class=\"youtube-iframe\"  frameborder=\"0\" allow=\"accelerometer; autoplay; clipboard-write; encrypted-media; gyroscope; picture-in-picture; web-share\" referrerpolicy=\"strict-origin-when-cross-origin\" allowfullscreen><\/iframe>\n    <\/div>\n<\/div><\/figure>\n<\/div>\n<\/div>\n","protected":false},"excerpt":{"rendered":"<p>Step-by-step guide on how to measure an item.<br \/>\nMeasure the outer dimensions of the item with height, width and depth for good shelf and transportation planning. <\/p>\n","protected":false},"author":2,"featured_media":5869,"parent":2546,"menu_order":0,"comment_status":"closed","ping_status":"closed","template":"","meta":{"_acf_changed":false,"_relevanssi_hide_post":"","_relevanssi_hide_content":"","_relevanssi_pin_for_all":"","_relevanssi_pin_keywords":"measure a product (100), product dimensions (100), measure (80)","_relevanssi_unpin_keywords":"","_relevanssi_related_keywords":"","_relevanssi_related_include_ids":"","_relevanssi_related_exclude_ids":"","_relevanssi_related_no_append":"","_relevanssi_related_not_related":"","_relevanssi_related_posts":"41157,56070,56396,40009,33082,38694","_relevanssi_noindex_reason":"","footnotes":""},"tags":[],"class_list":["post-2781","page","type-page","status-publish","has-post-thumbnail","hentry"],"acf":[],"yoast_head":"<!-- This site is optimized with the Yoast SEO Premium plugin v27.2 (Yoast SEO v27.2) - https:\/\/yoast.com\/product\/yoast-seo-premium-wordpress\/ -->\n<title>Measure a product &#187; GS1 Sweden<\/title>\n<meta name=\"description\" content=\"Step-by-step guide on how to measure an item. Measure the outer dimensions of the item with height, width and depth for good shelf and transportation planning.\" \/>\n<meta name=\"robots\" content=\"index, follow, max-snippet:-1, max-image-preview:large, max-video-preview:-1\" \/>\n<link rel=\"canonical\" href=\"https:\/\/gs1.se\/en\/guides\/how-to-guides\/measure-a-product\/\" \/>\n<meta property=\"og:locale\" content=\"en_US\" \/>\n<meta property=\"og:type\" content=\"article\" \/>\n<meta property=\"og:title\" content=\"Measure a product\" \/>\n<meta property=\"og:description\" content=\"Step-by-step guide on how to measure an item. Measure the outer dimensions of the item with height, width and depth for good shelf and transportation planning.\" \/>\n<meta property=\"og:url\" content=\"https:\/\/gs1.se\/en\/guides\/how-to-guides\/measure-a-product\/\" \/>\n<meta property=\"og:site_name\" content=\"GS1 Sweden\" \/>\n<meta property=\"article:modified_time\" content=\"2024-08-15T09:21:46+00:00\" \/>\n<meta property=\"og:image\" content=\"https:\/\/gs1.se\/wp-content\/uploads\/sites\/2\/2020\/07\/matregler-illustration-kort.png\" \/>\n\t<meta property=\"og:image:width\" content=\"260\" \/>\n\t<meta property=\"og:image:height\" content=\"140\" \/>\n\t<meta property=\"og:image:type\" content=\"image\/png\" \/>\n<meta name=\"twitter:card\" content=\"summary_large_image\" \/>\n<meta name=\"twitter:label1\" content=\"Est. reading time\" \/>\n\t<meta name=\"twitter:data1\" content=\"4 minutes\" \/>\n<script type=\"application\/ld+json\" class=\"yoast-schema-graph\">{\"@context\":\"https:\/\/schema.org\",\"@graph\":[{\"@type\":\"WebPage\",\"@id\":\"https:\/\/gs1.se\/en\/guides\/how-to-guides\/measure-a-product\/\",\"url\":\"https:\/\/gs1.se\/en\/guides\/how-to-guides\/measure-a-product\/\",\"name\":\"Measure a product &#187; GS1 Sweden\",\"isPartOf\":{\"@id\":\"https:\/\/gs1.se\/en\/#website\"},\"primaryImageOfPage\":{\"@id\":\"https:\/\/gs1.se\/en\/guides\/how-to-guides\/measure-a-product\/#primaryimage\"},\"image\":{\"@id\":\"https:\/\/gs1.se\/en\/guides\/how-to-guides\/measure-a-product\/#primaryimage\"},\"thumbnailUrl\":\"https:\/\/gs1.se\/wp-content\/uploads\/sites\/2\/2020\/07\/matregler-illustration-kort.png\",\"datePublished\":\"2020-06-25T20:02:37+00:00\",\"dateModified\":\"2024-08-15T09:21:46+00:00\",\"description\":\"Step-by-step guide on how to measure an item. Measure the outer dimensions of the item with height, width and depth for good shelf and transportation planning.\",\"breadcrumb\":{\"@id\":\"https:\/\/gs1.se\/en\/guides\/how-to-guides\/measure-a-product\/#breadcrumb\"},\"inLanguage\":\"en-US\",\"potentialAction\":[{\"@type\":\"ReadAction\",\"target\":[\"https:\/\/gs1.se\/en\/guides\/how-to-guides\/measure-a-product\/\"]}]},{\"@type\":\"ImageObject\",\"inLanguage\":\"en-US\",\"@id\":\"https:\/\/gs1.se\/en\/guides\/how-to-guides\/measure-a-product\/#primaryimage\",\"url\":\"https:\/\/gs1.se\/wp-content\/uploads\/sites\/2\/2020\/07\/matregler-illustration-kort.png\",\"contentUrl\":\"https:\/\/gs1.se\/wp-content\/uploads\/sites\/2\/2020\/07\/matregler-illustration-kort.png\",\"width\":260,\"height\":140},{\"@type\":\"BreadcrumbList\",\"@id\":\"https:\/\/gs1.se\/en\/guides\/how-to-guides\/measure-a-product\/#breadcrumb\",\"itemListElement\":[{\"@type\":\"ListItem\",\"position\":1,\"name\":\"Start\",\"item\":\"https:\/\/gs1.se\/en\/\"},{\"@type\":\"ListItem\",\"position\":2,\"name\":\"Guides\",\"item\":\"https:\/\/gs1.se\/en\/guides\/\"},{\"@type\":\"ListItem\",\"position\":3,\"name\":\"How-to guides\",\"item\":\"https:\/\/gs1.se\/en\/guides\/how-to-guides\/\"},{\"@type\":\"ListItem\",\"position\":4,\"name\":\"Measure a product\"}]},{\"@type\":\"WebSite\",\"@id\":\"https:\/\/gs1.se\/en\/#website\",\"url\":\"https:\/\/gs1.se\/en\/\",\"name\":\"GS1 Sweden\",\"description\":\"The Global Language of Business\",\"publisher\":{\"@id\":\"https:\/\/gs1.se\/en\/#organization\"},\"potentialAction\":[{\"@type\":\"SearchAction\",\"target\":{\"@type\":\"EntryPoint\",\"urlTemplate\":\"https:\/\/gs1.se\/en\/?s={search_term_string}\"},\"query-input\":{\"@type\":\"PropertyValueSpecification\",\"valueRequired\":true,\"valueName\":\"search_term_string\"}}],\"inLanguage\":\"en-US\"},{\"@type\":\"Organization\",\"@id\":\"https:\/\/gs1.se\/en\/#organization\",\"name\":\"GS1 Sweden\",\"url\":\"https:\/\/gs1.se\/en\/\",\"logo\":{\"@type\":\"ImageObject\",\"inLanguage\":\"en-US\",\"@id\":\"https:\/\/gs1.se\/en\/#\/schema\/logo\/image\/\",\"url\":\"https:\/\/gs1.se\/wp-content\/uploads\/sites\/2\/2020\/07\/gs1_sweden_61px_tall_rgb.png\",\"contentUrl\":\"https:\/\/gs1.se\/wp-content\/uploads\/sites\/2\/2020\/07\/gs1_sweden_61px_tall_rgb.png\",\"width\":109,\"height\":61,\"caption\":\"GS1 Sweden\"},\"image\":{\"@id\":\"https:\/\/gs1.se\/en\/#\/schema\/logo\/image\/\"},\"sameAs\":[\"https:\/\/www.linkedin.com\/company\/gs1-sweden\/\",\"https:\/\/www.youtube.com\/user\/SwedenGS1\"]}]}<\/script>\n<!-- \/ Yoast SEO Premium plugin. -->","yoast_head_json":{"title":"Measure a product &#187; GS1 Sweden","description":"Step-by-step guide on how to measure an item. Measure the outer dimensions of the item with height, width and depth for good shelf and transportation planning.","robots":{"index":"index","follow":"follow","max-snippet":"max-snippet:-1","max-image-preview":"max-image-preview:large","max-video-preview":"max-video-preview:-1"},"canonical":"https:\/\/gs1.se\/en\/guides\/how-to-guides\/measure-a-product\/","og_locale":"en_US","og_type":"article","og_title":"Measure a product","og_description":"Step-by-step guide on how to measure an item. Measure the outer dimensions of the item with height, width and depth for good shelf and transportation planning.","og_url":"https:\/\/gs1.se\/en\/guides\/how-to-guides\/measure-a-product\/","og_site_name":"GS1 Sweden","article_modified_time":"2024-08-15T09:21:46+00:00","og_image":[{"width":260,"height":140,"url":"https:\/\/gs1.se\/wp-content\/uploads\/sites\/2\/2020\/07\/matregler-illustration-kort.png","type":"image\/png"}],"twitter_card":"summary_large_image","twitter_misc":{"Est. reading time":"4 minutes"},"schema":{"@context":"https:\/\/schema.org","@graph":[{"@type":"WebPage","@id":"https:\/\/gs1.se\/en\/guides\/how-to-guides\/measure-a-product\/","url":"https:\/\/gs1.se\/en\/guides\/how-to-guides\/measure-a-product\/","name":"Measure a product &#187; GS1 Sweden","isPartOf":{"@id":"https:\/\/gs1.se\/en\/#website"},"primaryImageOfPage":{"@id":"https:\/\/gs1.se\/en\/guides\/how-to-guides\/measure-a-product\/#primaryimage"},"image":{"@id":"https:\/\/gs1.se\/en\/guides\/how-to-guides\/measure-a-product\/#primaryimage"},"thumbnailUrl":"https:\/\/gs1.se\/wp-content\/uploads\/sites\/2\/2020\/07\/matregler-illustration-kort.png","datePublished":"2020-06-25T20:02:37+00:00","dateModified":"2024-08-15T09:21:46+00:00","description":"Step-by-step guide on how to measure an item. Measure the outer dimensions of the item with height, width and depth for good shelf and transportation planning.","breadcrumb":{"@id":"https:\/\/gs1.se\/en\/guides\/how-to-guides\/measure-a-product\/#breadcrumb"},"inLanguage":"en-US","potentialAction":[{"@type":"ReadAction","target":["https:\/\/gs1.se\/en\/guides\/how-to-guides\/measure-a-product\/"]}]},{"@type":"ImageObject","inLanguage":"en-US","@id":"https:\/\/gs1.se\/en\/guides\/how-to-guides\/measure-a-product\/#primaryimage","url":"https:\/\/gs1.se\/wp-content\/uploads\/sites\/2\/2020\/07\/matregler-illustration-kort.png","contentUrl":"https:\/\/gs1.se\/wp-content\/uploads\/sites\/2\/2020\/07\/matregler-illustration-kort.png","width":260,"height":140},{"@type":"BreadcrumbList","@id":"https:\/\/gs1.se\/en\/guides\/how-to-guides\/measure-a-product\/#breadcrumb","itemListElement":[{"@type":"ListItem","position":1,"name":"Start","item":"https:\/\/gs1.se\/en\/"},{"@type":"ListItem","position":2,"name":"Guides","item":"https:\/\/gs1.se\/en\/guides\/"},{"@type":"ListItem","position":3,"name":"How-to guides","item":"https:\/\/gs1.se\/en\/guides\/how-to-guides\/"},{"@type":"ListItem","position":4,"name":"Measure a product"}]},{"@type":"WebSite","@id":"https:\/\/gs1.se\/en\/#website","url":"https:\/\/gs1.se\/en\/","name":"GS1 Sweden","description":"The Global Language of Business","publisher":{"@id":"https:\/\/gs1.se\/en\/#organization"},"potentialAction":[{"@type":"SearchAction","target":{"@type":"EntryPoint","urlTemplate":"https:\/\/gs1.se\/en\/?s={search_term_string}"},"query-input":{"@type":"PropertyValueSpecification","valueRequired":true,"valueName":"search_term_string"}}],"inLanguage":"en-US"},{"@type":"Organization","@id":"https:\/\/gs1.se\/en\/#organization","name":"GS1 Sweden","url":"https:\/\/gs1.se\/en\/","logo":{"@type":"ImageObject","inLanguage":"en-US","@id":"https:\/\/gs1.se\/en\/#\/schema\/logo\/image\/","url":"https:\/\/gs1.se\/wp-content\/uploads\/sites\/2\/2020\/07\/gs1_sweden_61px_tall_rgb.png","contentUrl":"https:\/\/gs1.se\/wp-content\/uploads\/sites\/2\/2020\/07\/gs1_sweden_61px_tall_rgb.png","width":109,"height":61,"caption":"GS1 Sweden"},"image":{"@id":"https:\/\/gs1.se\/en\/#\/schema\/logo\/image\/"},"sameAs":["https:\/\/www.linkedin.com\/company\/gs1-sweden\/","https:\/\/www.youtube.com\/user\/SwedenGS1"]}]}},"_links":{"self":[{"href":"https:\/\/gs1.se\/en\/wp-json\/wp\/v2\/pages\/2781","targetHints":{"allow":["GET"]}}],"collection":[{"href":"https:\/\/gs1.se\/en\/wp-json\/wp\/v2\/pages"}],"about":[{"href":"https:\/\/gs1.se\/en\/wp-json\/wp\/v2\/types\/page"}],"author":[{"embeddable":true,"href":"https:\/\/gs1.se\/en\/wp-json\/wp\/v2\/users\/2"}],"replies":[{"embeddable":true,"href":"https:\/\/gs1.se\/en\/wp-json\/wp\/v2\/comments?post=2781"}],"version-history":[{"count":3,"href":"https:\/\/gs1.se\/en\/wp-json\/wp\/v2\/pages\/2781\/revisions"}],"predecessor-version":[{"id":61001,"href":"https:\/\/gs1.se\/en\/wp-json\/wp\/v2\/pages\/2781\/revisions\/61001"}],"up":[{"embeddable":true,"href":"https:\/\/gs1.se\/en\/wp-json\/wp\/v2\/pages\/2546"}],"wp:featuredmedia":[{"embeddable":true,"href":"https:\/\/gs1.se\/en\/wp-json\/wp\/v2\/media\/5869"}],"wp:attachment":[{"href":"https:\/\/gs1.se\/en\/wp-json\/wp\/v2\/media?parent=2781"}],"wp:term":[{"taxonomy":"post_tag","embeddable":true,"href":"https:\/\/gs1.se\/en\/wp-json\/wp\/v2\/tags?post=2781"}],"curies":[{"name":"wp","href":"https:\/\/api.w.org\/{rel}","templated":true}]}}