
{"id":2724,"date":"2020-06-25T16:36:30","date_gmt":"2020-06-25T16:36:30","guid":{"rendered":"https:\/\/gs1.se\/identify\/"},"modified":"2024-08-14T15:17:12","modified_gmt":"2024-08-14T13:17:12","slug":"identify","status":"publish","type":"page","link":"https:\/\/gs1.se\/en\/identify\/","title":{"rendered":"Identify"},"content":{"rendered":"\n<h2 class=\"wp-block-heading\" id=\"h-standardbibliotek\">Library for standards<\/h2>\n\n<p>See all standards, services, and solutions in the area <strong>Identify<\/strong>.<\/p>\n\n<div class=\"wp-block-image\"><figure class=\"aligncenter size-large\"><img loading=\"lazy\" decoding=\"async\" width=\"1024\" height=\"122\" src=\"\/gs1\/wp-content\/uploads\/sites\/2\/2020\/05\/varuflode-retail-infografik-1024x122.png\" alt=\"supply chain\" class=\"wp-image-956\" srcset=\"https:\/\/gs1.se\/wp-content\/uploads\/sites\/2\/2020\/05\/varuflode-retail-infografik-1024x122.png 1024w, https:\/\/gs1.se\/wp-content\/uploads\/sites\/2\/2020\/05\/varuflode-retail-infografik-300x36.png 300w, https:\/\/gs1.se\/wp-content\/uploads\/sites\/2\/2020\/05\/varuflode-retail-infografik-1600x191.png 1600w, https:\/\/gs1.se\/wp-content\/uploads\/sites\/2\/2020\/05\/varuflode-retail-infografik-768x92.png 768w, https:\/\/gs1.se\/wp-content\/uploads\/sites\/2\/2020\/05\/varuflode-retail-infografik-1536x183.png 1536w, https:\/\/gs1.se\/wp-content\/uploads\/sites\/2\/2020\/05\/varuflode-retail-infografik-2048x244.png 2048w, https:\/\/gs1.se\/wp-content\/uploads\/sites\/2\/2020\/05\/varuflode-retail-infografik-640x76.png 640w, https:\/\/gs1.se\/wp-content\/uploads\/sites\/2\/2020\/05\/varuflode-retail-infografik-1280x153.png 1280w\" sizes=\"auto, (max-width: 1024px) 100vw, 1024px\" \/><\/figure><\/div>\n\n<h2 class=\"wp-block-heading\" id=\"h-id-standarder\">ID standards<\/h2>\n\n<figure class=\"wp-block-table is-style-stripes\"><table><thead><tr><th>Standards  <\/th><th>What it is<\/th><th>What is identified<\/th><th>Example<\/th><\/tr><\/thead><tbody><tr><td><a href=\"https:\/\/gs1.se\/product\/gs1-artikelnummer-gtin\/\" target=\"_blank\" rel=\"noreferrer noopener\">Global Trade Item Number <strong>(GTIN)<\/strong><\/a><\/td><td>Item number<\/td><td>products<\/td><td>soda can, chocolate bar, milk carton<\/td><\/tr><tr><td><a href=\"https:\/\/gs1.se\/product\/gs1-lokaliseringsnummer-gln\/\" target=\"_blank\" rel=\"noreferrer noopener\">Global Location Number <strong>(GLN)<\/strong><\/a><\/td><td>location number<\/td><td>location and company<\/td><td>companies, stores, warehouses<\/td><\/tr><tr><td><a href=\"https:\/\/gs1.se\/product\/gs1-kollinummer-sscc\/\" target=\"_blank\" rel=\"noreferrer noopener\">Serial Shipping Container Code <strong>(SSCC)<\/strong><\/a><\/td><td>package number<\/td><td>logistical units<\/td><td>pallets, roll cages, packages<\/td><\/tr><tr><td><a href=\"https:\/\/gs1.se\/product\/gs1-lastbararidentitet-grai\/\" target=\"_blank\" rel=\"noreferrer noopener\">Global Returnable Asset Identifier <strong>(GRAI)<\/strong><\/a><\/td><td>carrier identity <\/td><td>return carrier<\/td><td>plastic pallets, gas cylinders<\/td><\/tr><tr><td><a href=\"https:\/\/gs1.se\/product\/gs1-individnummer-giai\/\" target=\"_blank\" rel=\"noreferrer noopener\">Global Individual Asset Identifier <strong>(GIAI)<\/strong><\/a><\/td><td>unit number<\/td><td>equipment<br\/><\/td><td>electricity meters, computers, mobile phones<\/td><\/tr><tr><td><a href=\"https:\/\/gs1.se\/product\/gs1-affarsrelationsnummer-gsrn\/\" target=\"_blank\" rel=\"noreferrer noopener\">Global Service Relation Number <strong>(GSRN)<\/strong><\/a><\/td><td>business relation number<\/td><td>business relationships<\/td><td>electrical installations (measuring points), anti-theft<\/td><\/tr><tr><td><a href=\"https:\/\/gs1.se\/product\/gs1-dokumentidentitet-gdti\/\" target=\"_blank\" rel=\"noreferrer noopener\">Global Document Type Identifier <strong>(GDTI)<\/strong><\/a><\/td><td>document identity<\/td><td>document<br\/><\/td><td>prescription numbers, X-rays<\/td><\/tr><tr><td><a href=\"https:\/\/gs1.se\/product\/gs1-sandningsnummer-ginc\/\" target=\"_blank\" rel=\"noreferrer noopener\">Global Identification Number for Consignment <strong>(GINC)<\/strong><\/a><\/td><td>shipping number<\/td><td>logistic shipment<br\/><\/td><td>goods being co-transported <\/td><\/tr><tr><td><a href=\"https:\/\/gs1.se\/standarder-och-tjanster\/gs1-sandningsnummer-gsin\/\" data-type=\"URL\" data-id=\"https:\/\/gs1.se\/standarder-och-tjanster\/gs1-sandningsnummer-gsin\/\">Global Shipment Identification Number <strong>(GSIN)<\/strong><\/a><\/td><td>freight number<\/td><td>freight<\/td><td>goods co-transported to consumers<\/td><\/tr><tr><td><a href=\"https:\/\/gs1.se\/product\/gs1-kupongnummer-gcn\/\" target=\"_blank\" rel=\"noreferrer noopener\">Global Coupon Number <strong>(GCN)<\/strong><\/a><\/td><td>coupon number<\/td><td>coupons<br\/><\/td><td>digital coupons<\/td><\/tr><tr><td><a href=\"https:\/\/www.gs1.org\/standards\/id-keys\/component-part-identifier-cpid\" target=\"_blank\" rel=\"noreferrer noopener\">Component\/Part Identifier <strong>(CPID)<\/strong><\/a><\/td><td>component identity<\/td><td>components<br\/><\/td><td>Spare parts for cars<\/td><\/tr><tr><td><a href=\"https:\/\/gs1.se\/product\/gs1-modellnummer\/\" target=\"_blank\" rel=\"noreferrer noopener\">Global Model Number <strong>(GMN)<\/strong><\/a><\/td><td>model number<\/td><td>product model<br\/><\/td><td>medical equipment<\/td><\/tr><\/tbody><\/table><\/figure>\n\n<h2 class=\"wp-block-heading\" id=\"h-prefix-1\">Prefix<\/h2>\n\n<figure class=\"wp-block-table is-style-stripes\"><table><thead><tr><th>Type of prefix<\/th><th>What it is<\/th><th>Usage<\/th><th>Example<\/th><\/tr><\/thead><tbody><tr><td><a href=\"https:\/\/gs1.se\/en\/guides\/how-to-guides\/application-identifiers\/\"><\/a><a href=\"https:\/\/gs1.se\/product\/gs1-foretagsprefix\/\" target=\"_blank\" rel=\"noreferrer noopener\">GS1 Company Prefix<\/a>  <\/td><td>basic prefix to use all GS1 standards  <\/td><td>unique prefix assigned to a company<\/td><td>all GS1 standards  <\/td><\/tr><tr><td><a href=\"https:\/\/gs1.se\/en\/guides\/how-to-guides\/application-identifiers\/\">Application identifier<\/a> <\/td><td>prefixes in barcodes and EPC\/RFID tags  <\/td><td>identify product data beyond GTIN<\/td><td>date, batch number, expiry date<\/td><\/tr><\/tbody><\/table><\/figure>\n\n<h2 class=\"wp-block-heading\" id=\"h-grundspecifikationer\">Basic specifications<\/h2>\n\n<figure class=\"wp-block-table is-style-stripes\"><table><thead><tr><th>Specification<\/th><th>What it is<\/th><th>Usage<\/th><th>Example<\/th><\/tr><\/thead><tbody><tr><td><a href=\"https:\/\/gs1.se\/en\/guides\/how-to-guides\/application-identifiers\/\"> <\/a><a href=\"https:\/\/gs1.se\/en\/standards-and-services\/traceability\/\">GS1 Global Traceability Standard <strong>(GTS2)<\/strong><\/a> <\/td><td>traceability framework  <\/td><td>for setting up traceability<\/td><td>track products, parties, locations<\/td><\/tr><tr><td> <a rel=\"noreferrer noopener\" href=\"https:\/\/www.gs1.org\/standards\/barcodes-epcrfid-id-keys\/gs1-general-specifications\" target=\"_blank\">GS1 General Specifications<\/a> <\/td><td>GS1 standards base document<\/td><td>how standards are related and should be used<\/td><td>all GS1 standards and industries<\/td><\/tr><\/tbody><\/table><\/figure>\n<section class=\"block-relationshipr py-4\">\n\n    <h3>See all GS1 standards<\/h3>\n\n  <div class=\"row\">\n\n    \n        <div class=\"col-12 col-md-6 col-lg-4 mb-4\">\n          <a href=\"https:\/\/gs1.se\/produkter\/marka\/\" class=\"card h-100 text-decoration-none\">\n    \n\n    <img loading=\"lazy\" decoding=\"async\" width=\"200\" height=\"200\" src=\"https:\/\/gs1.se\/wp-content\/uploads\/sites\/2\/2020\/06\/gs1_icon_capture_on_white_rgb_2014-12-17.svg\" class=\"attachment-card-2-md size-card-2-md wp-post-image\" alt=\"M\u00e4rka\" \/>\n\n    <div class=\"card-body\">\n        <h4 class=\"card-title text-secondary\">M\u00e4rka<\/h4>\n        <p class=\"card-text text-left\">Ta fram streckkoder, 2D-koder och RFID-taggar &#8211; m\u00e5ngsidiga datab\u00e4rare som&#8230;<\/p>\n    <\/div>\n\n<\/a>\n        <\/div>\n      \n        <div class=\"col-12 col-md-6 col-lg-4 mb-4\">\n          <a href=\"https:\/\/gs1.se\/produkter\/dela\/\" class=\"card h-100 text-decoration-none\">\n    \n\n    <img loading=\"lazy\" decoding=\"async\" width=\"200\" height=\"200\" src=\"https:\/\/gs1.se\/wp-content\/uploads\/sites\/2\/2020\/06\/gs1_icon_share_on_white_rgb_2014-12-17.svg\" class=\"attachment-card-2-md size-card-2-md wp-post-image\" alt=\"\" \/>\n\n    <div class=\"card-body\">\n        <h4 class=\"card-title text-secondary\">Dela<\/h4>\n        <p class=\"card-text text-left\">GS1-standarder f\u00f6r delning hj\u00e4lper handelsparter ta emot och dela information&#8230;<\/p>\n    <\/div>\n\n<\/a>\n        <\/div>\n      \n        <div class=\"col-12 col-md-6 col-lg-4 mb-4\">\n          <a href=\"https:\/\/gs1.se\/standarder-och-tjanster\/sparbarhet\/\" class=\"card h-100 text-decoration-none\">\n    <div class=\"position-absolute bg-white px-2\">Standard<\/div>\n\n    <img loading=\"lazy\" decoding=\"async\" width=\"768\" height=\"531\" src=\"https:\/\/gs1.se\/wp-content\/uploads\/sites\/2\/2021\/02\/kaffebonor-sparbarhet-bild-scaled-768x531.jpg\" class=\"attachment-card-2-md size-card-2-md wp-post-image\" alt=\"\" srcset=\"https:\/\/gs1.se\/wp-content\/uploads\/sites\/2\/2021\/02\/kaffebonor-sparbarhet-bild-scaled-768x531.jpg 768w, https:\/\/gs1.se\/wp-content\/uploads\/sites\/2\/2021\/02\/kaffebonor-sparbarhet-bild-scaled-576x398.jpg 576w\" sizes=\"auto, (max-width: 768px) 100vw, 768px\" \/>\n\n    <div class=\"card-body\">\n        <h4 class=\"card-title text-secondary\">Sp\u00e5rbarhet<\/h4>\n        <p class=\"card-text text-left\">Sp\u00e5rbarhet hj\u00e4lper dig f\u00e5 kontroll p\u00e5 alla h\u00e4ndelser i varufl\u00f6deskedjan&#8230;<\/p>\n    <\/div>\n\n<\/a>\n        <\/div>\n        <\/div>\n<\/section>\n\n<p><\/p>\n","protected":false},"excerpt":{"rendered":"<p>Create unique numbers when you need to identify products, packages or locations &#8211; give your products their own ID number. See all standards, services and solutions in the area of Identify.<\/p>\n","protected":false},"author":1,"featured_media":1829,"parent":0,"menu_order":0,"comment_status":"closed","ping_status":"closed","template":"","meta":{"_acf_changed":false,"_relevanssi_hide_post":"","_relevanssi_hide_content":"","_relevanssi_pin_for_all":"","_relevanssi_pin_keywords":"","_relevanssi_unpin_keywords":"","_relevanssi_related_keywords":"","_relevanssi_related_include_ids":"","_relevanssi_related_exclude_ids":"","_relevanssi_related_no_append":"","_relevanssi_related_not_related":"","_relevanssi_related_posts":"38877,12170,38749,38923,40513,41125","_relevanssi_noindex_reason":"","footnotes":""},"tags":[],"class_list":["post-2724","page","type-page","status-publish","has-post-thumbnail","hentry"],"acf":[],"yoast_head":"<!-- This site is optimized with the Yoast SEO Premium plugin v27.2 (Yoast SEO v27.2) - https:\/\/yoast.com\/product\/yoast-seo-premium-wordpress\/ -->\n<title>Identify &#187; GS1 Sweden<\/title>\n<meta name=\"description\" content=\"Identify is a product area within GS1. Here we show all the standards that are used to create unique numbers for products, packages, and locations.\" \/>\n<meta name=\"robots\" content=\"index, follow, max-snippet:-1, max-image-preview:large, max-video-preview:-1\" \/>\n<link rel=\"canonical\" href=\"https:\/\/gs1.se\/en\/identify\/\" \/>\n<meta property=\"og:locale\" content=\"en_US\" \/>\n<meta property=\"og:type\" content=\"article\" \/>\n<meta property=\"og:title\" content=\"Identify\" \/>\n<meta property=\"og:description\" content=\"Create unique numbers when you need to identify products, packages or locations - give your products their own ID number. See all standards, services and solutions in the area of Identify.\" \/>\n<meta property=\"og:url\" content=\"https:\/\/gs1.se\/en\/identify\/\" \/>\n<meta property=\"og:site_name\" content=\"GS1 Sweden\" \/>\n<meta property=\"article:modified_time\" content=\"2024-08-14T13:17:12+00:00\" \/>\n<meta name=\"twitter:card\" content=\"summary_large_image\" \/>\n<meta name=\"twitter:label1\" content=\"Est. reading time\" \/>\n\t<meta name=\"twitter:data1\" content=\"2 minutes\" \/>\n<script type=\"application\/ld+json\" class=\"yoast-schema-graph\">{\"@context\":\"https:\/\/schema.org\",\"@graph\":[{\"@type\":\"WebPage\",\"@id\":\"https:\/\/gs1.se\/en\/identify\/\",\"url\":\"https:\/\/gs1.se\/en\/identify\/\",\"name\":\"Identify &#187; GS1 Sweden\",\"isPartOf\":{\"@id\":\"https:\/\/gs1.se\/en\/#website\"},\"primaryImageOfPage\":{\"@id\":\"https:\/\/gs1.se\/en\/identify\/#primaryimage\"},\"image\":{\"@id\":\"https:\/\/gs1.se\/en\/identify\/#primaryimage\"},\"thumbnailUrl\":\"https:\/\/gs1.se\/wp-content\/uploads\/sites\/2\/2020\/06\/gs1_icon_identify_on_white_rgb_2014-12-17.svg\",\"datePublished\":\"2020-06-25T16:36:30+00:00\",\"dateModified\":\"2024-08-14T13:17:12+00:00\",\"description\":\"Identify is a product area within GS1. Here we show all the standards that are used to create unique numbers for products, packages, and locations.\",\"breadcrumb\":{\"@id\":\"https:\/\/gs1.se\/en\/identify\/#breadcrumb\"},\"inLanguage\":\"en-US\",\"potentialAction\":[{\"@type\":\"ReadAction\",\"target\":[\"https:\/\/gs1.se\/en\/identify\/\"]}]},{\"@type\":\"ImageObject\",\"inLanguage\":\"en-US\",\"@id\":\"https:\/\/gs1.se\/en\/identify\/#primaryimage\",\"url\":\"https:\/\/gs1.se\/wp-content\/uploads\/sites\/2\/2020\/06\/gs1_icon_identify_on_white_rgb_2014-12-17.svg\",\"contentUrl\":\"https:\/\/gs1.se\/wp-content\/uploads\/sites\/2\/2020\/06\/gs1_icon_identify_on_white_rgb_2014-12-17.svg\",\"caption\":\"GS1 Identify\"},{\"@type\":\"BreadcrumbList\",\"@id\":\"https:\/\/gs1.se\/en\/identify\/#breadcrumb\",\"itemListElement\":[{\"@type\":\"ListItem\",\"position\":1,\"name\":\"Start\",\"item\":\"https:\/\/gs1.se\/en\/\"},{\"@type\":\"ListItem\",\"position\":2,\"name\":\"Identify\"}]},{\"@type\":\"WebSite\",\"@id\":\"https:\/\/gs1.se\/en\/#website\",\"url\":\"https:\/\/gs1.se\/en\/\",\"name\":\"GS1 Sweden\",\"description\":\"The Global Language of Business\",\"publisher\":{\"@id\":\"https:\/\/gs1.se\/en\/#organization\"},\"potentialAction\":[{\"@type\":\"SearchAction\",\"target\":{\"@type\":\"EntryPoint\",\"urlTemplate\":\"https:\/\/gs1.se\/en\/?s={search_term_string}\"},\"query-input\":{\"@type\":\"PropertyValueSpecification\",\"valueRequired\":true,\"valueName\":\"search_term_string\"}}],\"inLanguage\":\"en-US\"},{\"@type\":\"Organization\",\"@id\":\"https:\/\/gs1.se\/en\/#organization\",\"name\":\"GS1 Sweden\",\"url\":\"https:\/\/gs1.se\/en\/\",\"logo\":{\"@type\":\"ImageObject\",\"inLanguage\":\"en-US\",\"@id\":\"https:\/\/gs1.se\/en\/#\/schema\/logo\/image\/\",\"url\":\"https:\/\/gs1.se\/wp-content\/uploads\/sites\/2\/2020\/07\/gs1_sweden_61px_tall_rgb.png\",\"contentUrl\":\"https:\/\/gs1.se\/wp-content\/uploads\/sites\/2\/2020\/07\/gs1_sweden_61px_tall_rgb.png\",\"width\":109,\"height\":61,\"caption\":\"GS1 Sweden\"},\"image\":{\"@id\":\"https:\/\/gs1.se\/en\/#\/schema\/logo\/image\/\"},\"sameAs\":[\"https:\/\/www.linkedin.com\/company\/gs1-sweden\/\",\"https:\/\/www.youtube.com\/user\/SwedenGS1\"]}]}<\/script>\n<!-- \/ Yoast SEO Premium plugin. -->","yoast_head_json":{"title":"Identify &#187; GS1 Sweden","description":"Identify is a product area within GS1. Here we show all the standards that are used to create unique numbers for products, packages, and locations.","robots":{"index":"index","follow":"follow","max-snippet":"max-snippet:-1","max-image-preview":"max-image-preview:large","max-video-preview":"max-video-preview:-1"},"canonical":"https:\/\/gs1.se\/en\/identify\/","og_locale":"en_US","og_type":"article","og_title":"Identify","og_description":"Create unique numbers when you need to identify products, packages or locations - give your products their own ID number. See all standards, services and solutions in the area of Identify.","og_url":"https:\/\/gs1.se\/en\/identify\/","og_site_name":"GS1 Sweden","article_modified_time":"2024-08-14T13:17:12+00:00","twitter_card":"summary_large_image","twitter_misc":{"Est. reading time":"2 minutes"},"schema":{"@context":"https:\/\/schema.org","@graph":[{"@type":"WebPage","@id":"https:\/\/gs1.se\/en\/identify\/","url":"https:\/\/gs1.se\/en\/identify\/","name":"Identify &#187; GS1 Sweden","isPartOf":{"@id":"https:\/\/gs1.se\/en\/#website"},"primaryImageOfPage":{"@id":"https:\/\/gs1.se\/en\/identify\/#primaryimage"},"image":{"@id":"https:\/\/gs1.se\/en\/identify\/#primaryimage"},"thumbnailUrl":"https:\/\/gs1.se\/wp-content\/uploads\/sites\/2\/2020\/06\/gs1_icon_identify_on_white_rgb_2014-12-17.svg","datePublished":"2020-06-25T16:36:30+00:00","dateModified":"2024-08-14T13:17:12+00:00","description":"Identify is a product area within GS1. Here we show all the standards that are used to create unique numbers for products, packages, and locations.","breadcrumb":{"@id":"https:\/\/gs1.se\/en\/identify\/#breadcrumb"},"inLanguage":"en-US","potentialAction":[{"@type":"ReadAction","target":["https:\/\/gs1.se\/en\/identify\/"]}]},{"@type":"ImageObject","inLanguage":"en-US","@id":"https:\/\/gs1.se\/en\/identify\/#primaryimage","url":"https:\/\/gs1.se\/wp-content\/uploads\/sites\/2\/2020\/06\/gs1_icon_identify_on_white_rgb_2014-12-17.svg","contentUrl":"https:\/\/gs1.se\/wp-content\/uploads\/sites\/2\/2020\/06\/gs1_icon_identify_on_white_rgb_2014-12-17.svg","caption":"GS1 Identify"},{"@type":"BreadcrumbList","@id":"https:\/\/gs1.se\/en\/identify\/#breadcrumb","itemListElement":[{"@type":"ListItem","position":1,"name":"Start","item":"https:\/\/gs1.se\/en\/"},{"@type":"ListItem","position":2,"name":"Identify"}]},{"@type":"WebSite","@id":"https:\/\/gs1.se\/en\/#website","url":"https:\/\/gs1.se\/en\/","name":"GS1 Sweden","description":"The Global Language of Business","publisher":{"@id":"https:\/\/gs1.se\/en\/#organization"},"potentialAction":[{"@type":"SearchAction","target":{"@type":"EntryPoint","urlTemplate":"https:\/\/gs1.se\/en\/?s={search_term_string}"},"query-input":{"@type":"PropertyValueSpecification","valueRequired":true,"valueName":"search_term_string"}}],"inLanguage":"en-US"},{"@type":"Organization","@id":"https:\/\/gs1.se\/en\/#organization","name":"GS1 Sweden","url":"https:\/\/gs1.se\/en\/","logo":{"@type":"ImageObject","inLanguage":"en-US","@id":"https:\/\/gs1.se\/en\/#\/schema\/logo\/image\/","url":"https:\/\/gs1.se\/wp-content\/uploads\/sites\/2\/2020\/07\/gs1_sweden_61px_tall_rgb.png","contentUrl":"https:\/\/gs1.se\/wp-content\/uploads\/sites\/2\/2020\/07\/gs1_sweden_61px_tall_rgb.png","width":109,"height":61,"caption":"GS1 Sweden"},"image":{"@id":"https:\/\/gs1.se\/en\/#\/schema\/logo\/image\/"},"sameAs":["https:\/\/www.linkedin.com\/company\/gs1-sweden\/","https:\/\/www.youtube.com\/user\/SwedenGS1"]}]}},"_links":{"self":[{"href":"https:\/\/gs1.se\/en\/wp-json\/wp\/v2\/pages\/2724","targetHints":{"allow":["GET"]}}],"collection":[{"href":"https:\/\/gs1.se\/en\/wp-json\/wp\/v2\/pages"}],"about":[{"href":"https:\/\/gs1.se\/en\/wp-json\/wp\/v2\/types\/page"}],"author":[{"embeddable":true,"href":"https:\/\/gs1.se\/en\/wp-json\/wp\/v2\/users\/1"}],"replies":[{"embeddable":true,"href":"https:\/\/gs1.se\/en\/wp-json\/wp\/v2\/comments?post=2724"}],"version-history":[{"count":4,"href":"https:\/\/gs1.se\/en\/wp-json\/wp\/v2\/pages\/2724\/revisions"}],"predecessor-version":[{"id":60907,"href":"https:\/\/gs1.se\/en\/wp-json\/wp\/v2\/pages\/2724\/revisions\/60907"}],"wp:featuredmedia":[{"embeddable":true,"href":"https:\/\/gs1.se\/en\/wp-json\/wp\/v2\/media\/1829"}],"wp:attachment":[{"href":"https:\/\/gs1.se\/en\/wp-json\/wp\/v2\/media?parent=2724"}],"wp:term":[{"taxonomy":"post_tag","embeddable":true,"href":"https:\/\/gs1.se\/en\/wp-json\/wp\/v2\/tags?post=2724"}],"curies":[{"name":"wp","href":"https:\/\/api.w.org\/{rel}","templated":true}]}}