
{"id":1754,"date":"2020-05-29T11:10:41","date_gmt":"2020-05-29T11:10:41","guid":{"rendered":"https:\/\/gs1.se\/?page_id=1754"},"modified":"2024-08-14T15:51:34","modified_gmt":"2024-08-14T13:51:34","slug":"share","status":"publish","type":"page","link":"https:\/\/gs1.se\/en\/share\/","title":{"rendered":"Share"},"content":{"rendered":"\n<h2 class=\"wp-block-heading\" id=\"h-library-for-standards\">Library for standards<\/h2>\n\n\n\n<p>See all GS1 standards in this area <strong>Share<\/strong><\/p>\n\n\n\n<figure class=\"wp-block-gallery has-nested-images columns-6 is-cropped wp-block-gallery-1 is-layout-flex wp-block-gallery-is-layout-flex\">\n<figure class=\"wp-block-image size-large\"><img loading=\"lazy\" decoding=\"async\" width=\"400\" height=\"400\" data-id=\"4557\" src=\"https:\/\/gs1.se\/wp-content\/uploads\/sites\/2\/2020\/07\/sylt-gron.png\" alt=\"\" class=\"wp-image-4557\" srcset=\"https:\/\/gs1.se\/wp-content\/uploads\/sites\/2\/2020\/07\/sylt-gron.png 400w, https:\/\/gs1.se\/wp-content\/uploads\/sites\/2\/2020\/07\/sylt-gron-300x300.png 300w, https:\/\/gs1.se\/wp-content\/uploads\/sites\/2\/2020\/07\/sylt-gron-150x150.png 150w\" sizes=\"auto, (max-width: 400px) 100vw, 400px\" \/><figcaption class=\"wp-element-caption\">Products<\/figcaption><\/figure>\n\n\n\n<figure class=\"wp-block-image size-large\"><img loading=\"lazy\" decoding=\"async\" width=\"400\" height=\"400\" data-id=\"5811\" src=\"https:\/\/gs1.se\/wp-content\/uploads\/sites\/2\/2020\/07\/planering-illustration-bild.png\" alt=\"\" class=\"wp-image-5811\" srcset=\"https:\/\/gs1.se\/wp-content\/uploads\/sites\/2\/2020\/07\/planering-illustration-bild.png 400w, https:\/\/gs1.se\/wp-content\/uploads\/sites\/2\/2020\/07\/planering-illustration-bild-300x300.png 300w, https:\/\/gs1.se\/wp-content\/uploads\/sites\/2\/2020\/07\/planering-illustration-bild-150x150.png 150w\" sizes=\"auto, (max-width: 400px) 100vw, 400px\" \/><figcaption class=\"wp-element-caption\">Price<\/figcaption><\/figure>\n\n\n\n<figure class=\"wp-block-image size-large\"><img loading=\"lazy\" decoding=\"async\" width=\"400\" height=\"400\" data-id=\"5813\" src=\"https:\/\/gs1.se\/wp-content\/uploads\/sites\/2\/2020\/07\/planering-schema-illustration-bild.png\" alt=\"\" class=\"wp-image-5813\" srcset=\"https:\/\/gs1.se\/wp-content\/uploads\/sites\/2\/2020\/07\/planering-schema-illustration-bild.png 400w, https:\/\/gs1.se\/wp-content\/uploads\/sites\/2\/2020\/07\/planering-schema-illustration-bild-300x300.png 300w, https:\/\/gs1.se\/wp-content\/uploads\/sites\/2\/2020\/07\/planering-schema-illustration-bild-150x150.png 150w\" sizes=\"auto, (max-width: 400px) 100vw, 400px\" \/><figcaption class=\"wp-element-caption\">Planning<\/figcaption><\/figure>\n\n\n\n<figure class=\"wp-block-image size-large\"><img loading=\"lazy\" decoding=\"async\" width=\"400\" height=\"400\" data-id=\"5815\" src=\"https:\/\/gs1.se\/wp-content\/uploads\/sites\/2\/2020\/07\/order-illustration-bild.png\" alt=\"\" class=\"wp-image-5815\" srcset=\"https:\/\/gs1.se\/wp-content\/uploads\/sites\/2\/2020\/07\/order-illustration-bild.png 400w, https:\/\/gs1.se\/wp-content\/uploads\/sites\/2\/2020\/07\/order-illustration-bild-300x300.png 300w, https:\/\/gs1.se\/wp-content\/uploads\/sites\/2\/2020\/07\/order-illustration-bild-150x150.png 150w\" sizes=\"auto, (max-width: 400px) 100vw, 400px\" \/><figcaption class=\"wp-element-caption\">Order to Cash<\/figcaption><\/figure>\n\n\n\n<figure class=\"wp-block-image size-large\"><img loading=\"lazy\" decoding=\"async\" width=\"400\" height=\"400\" data-id=\"4902\" src=\"https:\/\/gs1.se\/wp-content\/uploads\/sites\/2\/2020\/07\/bear-illustration.png\" alt=\"\" class=\"wp-image-4902\" srcset=\"https:\/\/gs1.se\/wp-content\/uploads\/sites\/2\/2020\/07\/bear-illustration.png 400w, https:\/\/gs1.se\/wp-content\/uploads\/sites\/2\/2020\/07\/bear-illustration-300x300.png 300w, https:\/\/gs1.se\/wp-content\/uploads\/sites\/2\/2020\/07\/bear-illustration-150x150.png 150w\" sizes=\"auto, (max-width: 400px) 100vw, 400px\" \/><figcaption class=\"wp-element-caption\">Traceability<\/figcaption><\/figure>\n\n\n\n<figure class=\"wp-block-image size-large\"><img loading=\"lazy\" decoding=\"async\" width=\"400\" height=\"400\" data-id=\"5804\" src=\"https:\/\/gs1.se\/wp-content\/uploads\/sites\/2\/2020\/07\/sparbarhet-illustration-bild.png\" alt=\"\" class=\"wp-image-5804\" srcset=\"https:\/\/gs1.se\/wp-content\/uploads\/sites\/2\/2020\/07\/sparbarhet-illustration-bild.png 400w, https:\/\/gs1.se\/wp-content\/uploads\/sites\/2\/2020\/07\/sparbarhet-illustration-bild-300x300.png 300w, https:\/\/gs1.se\/wp-content\/uploads\/sites\/2\/2020\/07\/sparbarhet-illustration-bild-150x150.png 150w\" sizes=\"auto, (max-width: 400px) 100vw, 400px\" \/><figcaption class=\"wp-element-caption\">Recalls<\/figcaption><\/figure>\n<\/figure>\n\n\n\n<h2 class=\"wp-block-heading\" id=\"h-master-data\">Master data<\/h2>\n\n\n\n<h4 class=\"wp-block-heading\" id=\"artikelinformation\">Trade item information<\/h4>\n\n\n\n<figure class=\"wp-block-table is-style-stripes\"><table><thead><tr><th>Standards<\/th><th><strong>What it is<\/strong><\/th><th><strong>What is shared<\/strong><\/th><th><strong>Example<\/strong><\/th><\/tr><\/thead><tbody><tr><td><a href=\"https:\/\/gs1.se\/en\/standards-and-services\/gs1-global-data-model\/\">GS1 Global Data Model<\/a><\/td><td>global data model<\/td><td>product data<\/td><td>stores, online<\/td><\/tr><tr><td><a href=\"https:\/\/gs1.se\/en\/standards-and-services\/gs1-trade-item-information\/\" target=\"_blank\" rel=\"noreferrer noopener\">GS1 Trade Item Information<\/a><\/td><td>subset of data model<\/td><td>product data<\/td><td>products, food<\/td><\/tr><tr><td><a href=\"https:\/\/www.gs1.org\/standards\/gs1-package-and-product-measurement-standard\/current-standard\" target=\"_blank\" rel=\"noreferrer noopener\">GS1 Package and Product Measurement Standard<\/a><\/td><td>measurement of packaging<\/td><td>product data<\/td><td>e-commerce, retail, quality assurance product information<\/td><\/tr><\/tbody><\/table><\/figure>\n\n\n\n<h4 class=\"wp-block-heading\" id=\"produktbilder\">Product images<\/h4>\n\n\n\n<figure class=\"wp-block-table is-style-stripes\"><table><thead><tr><th>Standards<\/th><th><strong>What it is<\/strong><\/th><th><strong>What is shared<\/strong><\/th><th><strong>Example<\/strong><\/th><\/tr><\/thead><tbody><tr><td><a href=\"https:\/\/gs1.se\/en\/standards-and-services\/gs1-global-data-model\/\"><\/a><a href=\"https:\/\/www.gs1.org\/standards\/gs1-product-image-specification-standard\/current-standard\" target=\"_blank\" rel=\"noreferrer noopener\">GS1 Product Image Specification<\/a> <\/td><td>storage rules for digital images  <\/td><td>product and image data<\/td><td>e-commerce, store, quality assurance image  <\/td><\/tr><tr><td><a href=\"https:\/\/gs1.se\/product\/gs1-artikelinformation\/\" target=\"_blank\" rel=\"noreferrer noopener\"><\/a><a href=\"https:\/\/gs1.se\/en\/standards-and-services\/mobile-ready-hero-images\/\" target=\"_blank\" rel=\"noreferrer noopener\">GS1 Mobile Ready Hero Images<\/a><\/td><td>mobile-friendly product images  <\/td><td>product data<\/td><td>e-commerce in the mobile<\/td><\/tr><\/tbody><\/table><\/figure>\n\n\n\n<h4 class=\"wp-block-heading\" id=\"pris\">Price<\/h4>\n\n\n\n<figure class=\"wp-block-table is-style-stripes\"><table><thead><tr><th>Standards<\/th><th><strong>What it is<\/strong><\/th><th><strong>What is shared<\/strong><\/th><th><strong>Example<\/strong><\/th><\/tr><\/thead><tbody><tr><td><a href=\"https:\/\/www.gs1.org\/docs\/gdsn\/3.1\/BMS_Price_Sync_r3p1p3_i1p3p5_23May2017.pdf\" target=\"_blank\" rel=\"noreferrer noopener\"><\/a><a href=\"https:\/\/www.gs1.org\/docs\/gdsn\/3.1\/BMS_Price_Sync_r3p1p3_i1p3p5_23May2017.pdf\">BMS Price Synchronization<\/a><\/td><td>price synchronization<\/td><td>different types of awards in the same message<\/td><td>&#8211; list price excl.\nVAT <br>&#8211; transaction fee excl.  VAT  <\/td><\/tr><\/tbody><\/table><\/figure>\n\n\n\n<h4 class=\"wp-block-heading\" id=\"gdsn\">GDSN<\/h4>\n\n\n\n<figure class=\"wp-block-table is-style-stripes\"><table><thead><tr><th>Standards<\/th><th><strong>What it is<\/strong><\/th><th><strong>What is shared<\/strong><\/th><th><strong>Example<\/strong><\/th><\/tr><\/thead><tbody><tr><td><a href=\"https:\/\/gs1.se\/en\/standards-and-services\/global-data-synchronisation-network-gdsn\/\" target=\"_blank\" rel=\"noreferrer noopener\">Global Data Synchronisation Network (GDSN)<\/a><\/td><td>global product data network<\/td><td>product data  <\/td><td>stores, e-commerce, marketplaces<\/td><\/tr><tr><td><a href=\"https:\/\/www.gs1.org\/standards\/gdsn\/gdsn-catalogue-item-synchronisation\/3-1\" target=\"_blank\" rel=\"noreferrer noopener\"><\/a><a href=\"https:\/\/www.gs1.org\/standards\/gdsn\/gdsn-catalogue-item-synchronisation\/3-1\">BMS Catalouge Item Sync<\/a> <\/td><td>global standard for master data sharing<\/td><td>master data<\/td><td>xml schemas, standard documents<\/td><\/tr><\/tbody><\/table><\/figure>\n\n\n\n<h4 class=\"wp-block-heading\" id=\"produktklasser\">Product classes<\/h4>\n\n\n\n<figure class=\"wp-block-table is-style-stripes\"><table><thead><tr><th>Standards<\/th><th><strong>What it is<\/strong><\/th><th><strong>What is shared<\/strong><\/th><th><strong>Example<\/strong><\/th><\/tr><\/thead><tbody><tr><td><a href=\"https:\/\/gs1.se\/en\/standards-and-services\/global-product-classification-gpc\/\" target=\"_blank\" rel=\"noreferrer noopener\">Global Product Classification (GPC)<\/a><\/td><td>Classification system <\/td><td>product data<\/td><td>  product statistics, sales statistics  <\/td><\/tr><\/tbody><\/table><\/figure>\n\n\n\n<h4 class=\"wp-block-heading\" id=\"partinformation\">Part information<\/h4>\n\n\n\n<figure class=\"wp-block-table is-style-stripes\"><table><thead><tr><th>Standards<\/th><th><strong>What it is<\/strong><\/th><th><strong>What is shared<\/strong><\/th><th><strong>Example<\/strong><\/th><\/tr><\/thead><tbody><tr><td><a href=\"https:\/\/www.gs1.org\/standards\/gln-data-model-solution-standard\/current-standard\" target=\"_blank\" rel=\"noreferrer noopener\"><\/a><a href=\"https:\/\/www.gs1.org\/standards\/gln-data-model-solution-standard\/current-standard\">GLN Data Model<\/a><\/td><td>data model GLN<\/td><td>party identities<\/td><td>company, government, finance department<\/td><\/tr><\/tbody><\/table><\/figure>\n\n\n\n<h2 class=\"wp-block-heading\" id=\"transaktionsdata\">Transaction data<\/h2>\n\n\n\n<figure class=\"wp-block-table is-style-stripes\"><table><thead><tr><th>Standards<\/th><th><strong>What it is<\/strong><\/th><th><strong>What is shared<\/strong><\/th><th><strong>Example<\/strong><\/th><\/tr><\/thead><tbody><tr><td><a href=\"https:\/\/gs1.se\/en\/standards-and-services\/gs1-electronic-data-interchange-edi\/\" target=\"_blank\" rel=\"noreferrer noopener\">Electronic Data Interchange (GS1 EDI)<\/a><\/td><td>Collective name electronic commerce<\/td><td>business data<\/td><td>order, invoice<\/td><\/tr><tr><td><a href=\"https:\/\/www.gs1.org\/standards\/edi\/gs1-xml\" target=\"_blank\" rel=\"noreferrer noopener\">GS1 XML<\/a><\/td><td>validation schedule<\/td><td>business data<\/td><td>order, invoice, receipt<\/td><\/tr><tr><td><a href=\"https:\/\/www.gs1.org\/standards\/eancom\" target=\"_blank\" rel=\"noreferrer noopener\">EANCOM<\/a><\/td><td>subset of UN\/EDIFACT<\/td><td>business data<\/td><td>transport, order<\/td><\/tr><tr><td><a href=\"https:\/\/www.gs1.org\/standards\/edi\/gs1-un-cefact-xml\/2012\" target=\"_blank\" rel=\"noreferrer noopener\">GS1 UN\/CEFACT XML<\/a><\/td><td>specification for GS1 standards in UN\/CEFACT XML messages<\/td><td>business data<\/td><td>order, invoice<\/td><\/tr><tr><td><a href=\"https:\/\/gs1.se\/wp-content\/uploads\/sites\/2\/2020\/07\/gs1_logistics_interoperability_model_application_standard.pdf\" target=\"_blank\" rel=\"noreferrer noopener\"><\/a><a href=\"https:\/\/gs1.se\/wp-content\/uploads\/sites\/2\/2020\/07\/gs1_logistics_interoperability_model_application_standard.pdf\">LIM<\/a><\/td><td>interoperability model<\/td><td><\/td><td>warehouse, transportation<\/td><\/tr><tr><td><a href=\"https:\/\/gs1.se\/en\/standards-and-services\/esap-business-processes\/\">ESAP<\/a><\/td><td>electronic commerce business processes (EDI)  <\/td><td>business data<\/td><td>contract, invoice<\/td><\/tr><\/tbody><\/table><\/figure>\n\n\n\n<h2 class=\"wp-block-heading\" id=\"handelsedata\">Event data<\/h2>\n\n\n\n<figure class=\"wp-block-table is-style-stripes\"><table><thead><tr><th>Standards<\/th><th><strong>What it is<\/strong><\/th><th><strong>What is shared<\/strong><\/th><th><strong>Example<\/strong><\/th><\/tr><\/thead><tbody><tr><td><a href=\"https:\/\/www.gs1.org\/standards\/epcis\" target=\"_blank\" rel=\"noreferrer noopener\">EPCIS<\/a> <\/td><td>data model, interface<\/td><td>event data<\/td><td>  tracking and status of products  <\/td><\/tr><\/tbody><\/table><\/figure>\n\n\n\n<h2 class=\"wp-block-heading\" id=\"h-webb\">Webb<\/h2>\n\n\n\n<figure class=\"wp-block-table is-style-stripes\"><table><thead><tr><th>Standards<\/th><th><strong>What it is<\/strong><\/th><th><strong>What is shared<\/strong><\/th><th><strong>Example<\/strong><\/th><\/tr><\/thead><tbody><tr><td><a href=\"https:\/\/www.gs1.org\/sites\/default\/files\/docs\/gsmp\/2020_10_29_gs1_dl_resolution_clean.pdf\" target=\"_blank\" rel=\"noreferrer noopener\"><\/a><a href=\"https:\/\/www.gs1.org\/sites\/default\/files\/docs\/gsmp\/2020_10_29_gs1_dl_resolution_clean.pdf\">GS1 Digital Link Resolution<\/a><\/td><td>linking GS1 identifiers to the web<\/td><td>product data<\/td><td>product information, user instructions, promotions, APIs<\/td><\/tr><\/tbody><\/table><\/figure>\n\n\n<section class=\"block-relationshipr py-4\">\n\n    <h3>See all GS1 standards<\/h3>\n\n  <div class=\"row\">\n\n    \n        <div class=\"col-12 col-md-6 col-lg-4 mb-4\">\n          <a href=\"https:\/\/gs1.se\/produkter\/identifiera\/\" class=\"card h-100 text-decoration-none\">\n    \n\n    <img loading=\"lazy\" decoding=\"async\" width=\"200\" height=\"200\" src=\"https:\/\/gs1.se\/wp-content\/uploads\/sites\/2\/2020\/06\/gs1_icon_identify_on_white_rgb_2014-12-17.svg\" class=\"attachment-card-2-md size-card-2-md wp-post-image\" alt=\"GS1 Identifiera\" \/>\n\n    <div class=\"card-body\">\n        <h4 class=\"card-title text-secondary\">Identifiera<\/h4>\n        <p class=\"card-text text-left\">Skapa unika nummer n\u00e4r du beh\u00f6ver identifiera produkter, paket eller&#8230;<\/p>\n    <\/div>\n\n<\/a>\n        <\/div>\n      \n        <div class=\"col-12 col-md-6 col-lg-4 mb-4\">\n          <a href=\"https:\/\/gs1.se\/produkter\/marka\/\" class=\"card h-100 text-decoration-none\">\n    \n\n    <img loading=\"lazy\" decoding=\"async\" width=\"200\" height=\"200\" src=\"https:\/\/gs1.se\/wp-content\/uploads\/sites\/2\/2020\/06\/gs1_icon_capture_on_white_rgb_2014-12-17.svg\" class=\"attachment-card-2-md size-card-2-md wp-post-image\" alt=\"M\u00e4rka\" \/>\n\n    <div class=\"card-body\">\n        <h4 class=\"card-title text-secondary\">M\u00e4rka<\/h4>\n        <p class=\"card-text text-left\">Ta fram streckkoder, 2D-koder och RFID-taggar &#8211; m\u00e5ngsidiga datab\u00e4rare som&#8230;<\/p>\n    <\/div>\n\n<\/a>\n        <\/div>\n      \n        <div class=\"col-12 col-md-6 col-lg-4 mb-4\">\n          <a href=\"https:\/\/gs1.se\/standarder-och-tjanster\/sparbarhet\/\" class=\"card h-100 text-decoration-none\">\n    <div class=\"position-absolute bg-white px-2\">Standard<\/div>\n\n    <img loading=\"lazy\" decoding=\"async\" width=\"768\" height=\"531\" src=\"https:\/\/gs1.se\/wp-content\/uploads\/sites\/2\/2021\/02\/kaffebonor-sparbarhet-bild-scaled-768x531.jpg\" class=\"attachment-card-2-md size-card-2-md wp-post-image\" alt=\"\" srcset=\"https:\/\/gs1.se\/wp-content\/uploads\/sites\/2\/2021\/02\/kaffebonor-sparbarhet-bild-scaled-768x531.jpg 768w, https:\/\/gs1.se\/wp-content\/uploads\/sites\/2\/2021\/02\/kaffebonor-sparbarhet-bild-scaled-576x398.jpg 576w\" sizes=\"auto, (max-width: 768px) 100vw, 768px\" \/>\n\n    <div class=\"card-body\">\n        <h4 class=\"card-title text-secondary\">Sp\u00e5rbarhet<\/h4>\n        <p class=\"card-text text-left\">Sp\u00e5rbarhet hj\u00e4lper dig f\u00e5 kontroll p\u00e5 alla h\u00e4ndelser i varufl\u00f6deskedjan&#8230;<\/p>\n    <\/div>\n\n<\/a>\n        <\/div>\n        <\/div>\n<\/section>\n","protected":false},"excerpt":{"rendered":"<p>GS1 standards for sharing help trading partners receive and share information about products, packages, and locations throughout the supply chain.<\/p>\n","protected":false},"author":2,"featured_media":1831,"parent":0,"menu_order":0,"comment_status":"closed","ping_status":"closed","template":"","meta":{"_acf_changed":false,"_relevanssi_hide_post":"","_relevanssi_hide_content":"","_relevanssi_pin_for_all":"","_relevanssi_pin_keywords":"","_relevanssi_unpin_keywords":"","_relevanssi_related_keywords":"","_relevanssi_related_include_ids":"","_relevanssi_related_exclude_ids":"","_relevanssi_related_no_append":"","_relevanssi_related_not_related":"","_relevanssi_related_posts":"45470,33437,34768,39704,30552,13113","_relevanssi_noindex_reason":"","footnotes":""},"tags":[],"class_list":["post-1754","page","type-page","status-publish","has-post-thumbnail","hentry"],"acf":[],"yoast_head":"<!-- This site is optimized with the Yoast SEO Premium plugin v27.2 (Yoast SEO v27.2) - https:\/\/yoast.com\/product\/yoast-seo-premium-wordpress\/ -->\n<title>Share &#187; GS1 Sweden<\/title>\n<meta name=\"description\" content=\"GS1 standards for sharing help trading partners receive and share information about products, packages, and locations throughout the supply chain.\" \/>\n<meta name=\"robots\" content=\"index, follow, max-snippet:-1, max-image-preview:large, max-video-preview:-1\" \/>\n<link rel=\"canonical\" href=\"https:\/\/gs1.se\/en\/share\/\" \/>\n<meta property=\"og:locale\" content=\"en_US\" \/>\n<meta property=\"og:type\" content=\"article\" \/>\n<meta property=\"og:title\" content=\"Share\" \/>\n<meta property=\"og:description\" content=\"GS1 standards for sharing help trading partners receive and share information about products, packages, and locations throughout the supply chain.\" \/>\n<meta property=\"og:url\" content=\"https:\/\/gs1.se\/en\/share\/\" \/>\n<meta property=\"og:site_name\" content=\"GS1 Sweden\" \/>\n<meta property=\"article:modified_time\" content=\"2024-08-14T13:51:34+00:00\" \/>\n<meta name=\"twitter:card\" content=\"summary_large_image\" \/>\n<meta name=\"twitter:label1\" content=\"Est. reading time\" \/>\n\t<meta name=\"twitter:data1\" content=\"5 minutes\" \/>\n<script type=\"application\/ld+json\" class=\"yoast-schema-graph\">{\"@context\":\"https:\/\/schema.org\",\"@graph\":[{\"@type\":\"WebPage\",\"@id\":\"https:\/\/gs1.se\/en\/share\/\",\"url\":\"https:\/\/gs1.se\/en\/share\/\",\"name\":\"Share &#187; GS1 Sweden\",\"isPartOf\":{\"@id\":\"https:\/\/gs1.se\/en\/#website\"},\"primaryImageOfPage\":{\"@id\":\"https:\/\/gs1.se\/en\/share\/#primaryimage\"},\"image\":{\"@id\":\"https:\/\/gs1.se\/en\/share\/#primaryimage\"},\"thumbnailUrl\":\"https:\/\/gs1.se\/wp-content\/uploads\/sites\/2\/2020\/06\/gs1_icon_share_on_white_rgb_2014-12-17.svg\",\"datePublished\":\"2020-05-29T11:10:41+00:00\",\"dateModified\":\"2024-08-14T13:51:34+00:00\",\"description\":\"GS1 standards for sharing help trading partners receive and share information about products, packages, and locations throughout the supply chain.\",\"breadcrumb\":{\"@id\":\"https:\/\/gs1.se\/en\/share\/#breadcrumb\"},\"inLanguage\":\"en-US\",\"potentialAction\":[{\"@type\":\"ReadAction\",\"target\":[\"https:\/\/gs1.se\/en\/share\/\"]}]},{\"@type\":\"ImageObject\",\"inLanguage\":\"en-US\",\"@id\":\"https:\/\/gs1.se\/en\/share\/#primaryimage\",\"url\":\"https:\/\/gs1.se\/wp-content\/uploads\/sites\/2\/2020\/06\/gs1_icon_share_on_white_rgb_2014-12-17.svg\",\"contentUrl\":\"https:\/\/gs1.se\/wp-content\/uploads\/sites\/2\/2020\/06\/gs1_icon_share_on_white_rgb_2014-12-17.svg\"},{\"@type\":\"BreadcrumbList\",\"@id\":\"https:\/\/gs1.se\/en\/share\/#breadcrumb\",\"itemListElement\":[{\"@type\":\"ListItem\",\"position\":1,\"name\":\"Start\",\"item\":\"https:\/\/gs1.se\/en\/\"},{\"@type\":\"ListItem\",\"position\":2,\"name\":\"Share\"}]},{\"@type\":\"WebSite\",\"@id\":\"https:\/\/gs1.se\/en\/#website\",\"url\":\"https:\/\/gs1.se\/en\/\",\"name\":\"GS1 Sweden\",\"description\":\"The Global Language of Business\",\"publisher\":{\"@id\":\"https:\/\/gs1.se\/en\/#organization\"},\"potentialAction\":[{\"@type\":\"SearchAction\",\"target\":{\"@type\":\"EntryPoint\",\"urlTemplate\":\"https:\/\/gs1.se\/en\/?s={search_term_string}\"},\"query-input\":{\"@type\":\"PropertyValueSpecification\",\"valueRequired\":true,\"valueName\":\"search_term_string\"}}],\"inLanguage\":\"en-US\"},{\"@type\":\"Organization\",\"@id\":\"https:\/\/gs1.se\/en\/#organization\",\"name\":\"GS1 Sweden\",\"url\":\"https:\/\/gs1.se\/en\/\",\"logo\":{\"@type\":\"ImageObject\",\"inLanguage\":\"en-US\",\"@id\":\"https:\/\/gs1.se\/en\/#\/schema\/logo\/image\/\",\"url\":\"https:\/\/gs1.se\/wp-content\/uploads\/sites\/2\/2020\/07\/gs1_sweden_61px_tall_rgb.png\",\"contentUrl\":\"https:\/\/gs1.se\/wp-content\/uploads\/sites\/2\/2020\/07\/gs1_sweden_61px_tall_rgb.png\",\"width\":109,\"height\":61,\"caption\":\"GS1 Sweden\"},\"image\":{\"@id\":\"https:\/\/gs1.se\/en\/#\/schema\/logo\/image\/\"},\"sameAs\":[\"https:\/\/www.linkedin.com\/company\/gs1-sweden\/\",\"https:\/\/www.youtube.com\/user\/SwedenGS1\"]}]}<\/script>\n<!-- \/ Yoast SEO Premium plugin. -->","yoast_head_json":{"title":"Share &#187; GS1 Sweden","description":"GS1 standards for sharing help trading partners receive and share information about products, packages, and locations throughout the supply chain.","robots":{"index":"index","follow":"follow","max-snippet":"max-snippet:-1","max-image-preview":"max-image-preview:large","max-video-preview":"max-video-preview:-1"},"canonical":"https:\/\/gs1.se\/en\/share\/","og_locale":"en_US","og_type":"article","og_title":"Share","og_description":"GS1 standards for sharing help trading partners receive and share information about products, packages, and locations throughout the supply chain.","og_url":"https:\/\/gs1.se\/en\/share\/","og_site_name":"GS1 Sweden","article_modified_time":"2024-08-14T13:51:34+00:00","twitter_card":"summary_large_image","twitter_misc":{"Est. reading time":"5 minutes"},"schema":{"@context":"https:\/\/schema.org","@graph":[{"@type":"WebPage","@id":"https:\/\/gs1.se\/en\/share\/","url":"https:\/\/gs1.se\/en\/share\/","name":"Share &#187; GS1 Sweden","isPartOf":{"@id":"https:\/\/gs1.se\/en\/#website"},"primaryImageOfPage":{"@id":"https:\/\/gs1.se\/en\/share\/#primaryimage"},"image":{"@id":"https:\/\/gs1.se\/en\/share\/#primaryimage"},"thumbnailUrl":"https:\/\/gs1.se\/wp-content\/uploads\/sites\/2\/2020\/06\/gs1_icon_share_on_white_rgb_2014-12-17.svg","datePublished":"2020-05-29T11:10:41+00:00","dateModified":"2024-08-14T13:51:34+00:00","description":"GS1 standards for sharing help trading partners receive and share information about products, packages, and locations throughout the supply chain.","breadcrumb":{"@id":"https:\/\/gs1.se\/en\/share\/#breadcrumb"},"inLanguage":"en-US","potentialAction":[{"@type":"ReadAction","target":["https:\/\/gs1.se\/en\/share\/"]}]},{"@type":"ImageObject","inLanguage":"en-US","@id":"https:\/\/gs1.se\/en\/share\/#primaryimage","url":"https:\/\/gs1.se\/wp-content\/uploads\/sites\/2\/2020\/06\/gs1_icon_share_on_white_rgb_2014-12-17.svg","contentUrl":"https:\/\/gs1.se\/wp-content\/uploads\/sites\/2\/2020\/06\/gs1_icon_share_on_white_rgb_2014-12-17.svg"},{"@type":"BreadcrumbList","@id":"https:\/\/gs1.se\/en\/share\/#breadcrumb","itemListElement":[{"@type":"ListItem","position":1,"name":"Start","item":"https:\/\/gs1.se\/en\/"},{"@type":"ListItem","position":2,"name":"Share"}]},{"@type":"WebSite","@id":"https:\/\/gs1.se\/en\/#website","url":"https:\/\/gs1.se\/en\/","name":"GS1 Sweden","description":"The Global Language of Business","publisher":{"@id":"https:\/\/gs1.se\/en\/#organization"},"potentialAction":[{"@type":"SearchAction","target":{"@type":"EntryPoint","urlTemplate":"https:\/\/gs1.se\/en\/?s={search_term_string}"},"query-input":{"@type":"PropertyValueSpecification","valueRequired":true,"valueName":"search_term_string"}}],"inLanguage":"en-US"},{"@type":"Organization","@id":"https:\/\/gs1.se\/en\/#organization","name":"GS1 Sweden","url":"https:\/\/gs1.se\/en\/","logo":{"@type":"ImageObject","inLanguage":"en-US","@id":"https:\/\/gs1.se\/en\/#\/schema\/logo\/image\/","url":"https:\/\/gs1.se\/wp-content\/uploads\/sites\/2\/2020\/07\/gs1_sweden_61px_tall_rgb.png","contentUrl":"https:\/\/gs1.se\/wp-content\/uploads\/sites\/2\/2020\/07\/gs1_sweden_61px_tall_rgb.png","width":109,"height":61,"caption":"GS1 Sweden"},"image":{"@id":"https:\/\/gs1.se\/en\/#\/schema\/logo\/image\/"},"sameAs":["https:\/\/www.linkedin.com\/company\/gs1-sweden\/","https:\/\/www.youtube.com\/user\/SwedenGS1"]}]}},"_links":{"self":[{"href":"https:\/\/gs1.se\/en\/wp-json\/wp\/v2\/pages\/1754","targetHints":{"allow":["GET"]}}],"collection":[{"href":"https:\/\/gs1.se\/en\/wp-json\/wp\/v2\/pages"}],"about":[{"href":"https:\/\/gs1.se\/en\/wp-json\/wp\/v2\/types\/page"}],"author":[{"embeddable":true,"href":"https:\/\/gs1.se\/en\/wp-json\/wp\/v2\/users\/2"}],"replies":[{"embeddable":true,"href":"https:\/\/gs1.se\/en\/wp-json\/wp\/v2\/comments?post=1754"}],"version-history":[{"count":5,"href":"https:\/\/gs1.se\/en\/wp-json\/wp\/v2\/pages\/1754\/revisions"}],"predecessor-version":[{"id":60930,"href":"https:\/\/gs1.se\/en\/wp-json\/wp\/v2\/pages\/1754\/revisions\/60930"}],"wp:featuredmedia":[{"embeddable":true,"href":"https:\/\/gs1.se\/en\/wp-json\/wp\/v2\/media\/1831"}],"wp:attachment":[{"href":"https:\/\/gs1.se\/en\/wp-json\/wp\/v2\/media?parent=1754"}],"wp:term":[{"taxonomy":"post_tag","embeddable":true,"href":"https:\/\/gs1.se\/en\/wp-json\/wp\/v2\/tags?post=1754"}],"curies":[{"name":"wp","href":"https:\/\/api.w.org\/{rel}","templated":true}]}}